{"id":10,"date":"2012-05-30T15:27:50","date_gmt":"2012-05-30T15:27:50","guid":{"rendered":"http:\/\/bauschert.systemmedien.de\/?page_id=10"},"modified":"2015-06-29T11:45:21","modified_gmt":"2015-06-29T09:45:21","slug":"2-lesitung","status":"publish","type":"page","link":"https:\/\/hausarztpraxis-bauschert.de\/cms\/?page_id=10","title":{"rendered":"Navi\u00adga\u00adtion durch das Gesundheitssystem"},"content":{"rendered":"[et_pb_section fullwidth=&#8220;on&#8220; specialty=&#8220;off&#8220; transparent_background=&#8220;off&#8220; background_color=&#8220;#ffffff&#8220; inner_shadow=&#8220;off&#8220; parallax=&#8220;off&#8220; parallax_method=&#8220;off&#8220;][et_pb_fullwidth_slider admin_label=&#8220;Fullwidth Slider&#8220; show_arrows=&#8220;on&#8220; show_pagination=&#8220;on&#8220; auto=&#8220;off&#8220; parallax=&#8220;off&#8220; parallax_method=&#8220;off&#8220;][et_pb_slide background_image=&#8220;https:\/\/hausarztpraxis-bauschert.de\/cms\/wp-content\/uploads\/2014\/10\/wo.jpg&#8220; background_color=&#8220;#ffffff&#8220; alignment=&#8220;center&#8220; background_layout=&#8220;dark&#8220; \/][\/et_pb_fullwidth_slider][\/et_pb_section][et_pb_section fullwidth=&#8220;off&#8220; specialty=&#8220;off&#8220; transparent_background=&#8220;off&#8220; allow_player_pause=&#8220;off&#8220; inner_shadow=&#8220;off&#8220; parallax=&#8220;off&#8220; parallax_method=&#8220;off&#8220; custom_padding=&#8220;|0&#8243; padding_mobile=&#8220;off&#8220; make_fullwidth=&#8220;off&#8220; use_custom_width=&#8220;off&#8220; width_unit=&#8220;on&#8220; make_equal=&#8220;off&#8220; use_custom_gutter=&#8220;off&#8220;][et_pb_row][et_pb_column type=&#8220;4_4&#8243;][et_pb_text admin_label=&#8220;Navigation durch das Gesundheitssystem&#8220; background_layout=&#8220;light&#8220; text_orientation=&#8220;left&#8220; use_border_color=&#8220;off&#8220; border_color=&#8220;#ffffff&#8220; border_style=&#8220;solid&#8220;]\n<h1><strong>Navigation durch das Gesundheitssystem<\/strong><\/h1>\n[\/et_pb_text][\/et_pb_column][\/et_pb_row][\/et_pb_section][et_pb_section transparent_background=&#8220;off&#8220; allow_player_pause=&#8220;off&#8220; inner_shadow=&#8220;off&#8220; parallax=&#8220;off&#8220; parallax_method=&#8220;off&#8220; custom_padding=&#8220;5|&#8220; padding_mobile=&#8220;off&#8220; make_fullwidth=&#8220;off&#8220; use_custom_width=&#8220;off&#8220; width_unit=&#8220;on&#8220; make_equal=&#8220;off&#8220; use_custom_gutter=&#8220;off&#8220;][et_pb_row make_fullwidth=&#8220;off&#8220; use_custom_width=&#8220;off&#8220; width_unit=&#8220;on&#8220; use_custom_gutter=&#8220;off&#8220; padding_mobile=&#8220;off&#8220; allow_player_pause=&#8220;off&#8220; parallax=&#8220;off&#8220; parallax_method=&#8220;off&#8220; make_equal=&#8220;off&#8220; background_color_1=&#8220;rgba(0,0,0,0)&#8220; gutter_width=&#8220;1&#8243; padding_top_1=&#8220;0&#8243; padding_right_1=&#8220;0&#8243; padding_bottom_1=&#8220;0&#8243; padding_left_1=&#8220;0&#8243;][et_pb_column type=&#8220;1_2&#8243;][et_pb_text admin_label=&#8220;Text&#8220; background_layout=&#8220;light&#8220; text_orientation=&#8220;left&#8220; use_border_color=&#8220;off&#8220; border_color=&#8220;#ffffff&#8220; border_style=&#8220;solid&#8220;]\n<p style=\"text-align: justify;\">Die <a target=\"_blank\" href=\"https:\/\/splendris-pharmaceuticals.de\/\" style=\"background: none; padding:0; border: none;font: inherit; color: inherit; text-decoration: none; box-shadow: none;\">Medizin<\/a> hat viele Fortschritte gemacht, ist dabei aber immer komplizierter geworden, so dass sich ein Laie darin oft nur schlecht zurechtfinden kann. Hier helfen wir als Ihre Hausarztpraxis und koordinieren mit Ihnen alle Behandlungsschritte.<\/p>\n<p style=\"text-align: justify;\">Bei uns laufen alle Informationen zusammen, so dass wir die besten Strategien f\u00fcr Ihre Gesundheit entwickeln k\u00f6nnen. Wir helfen auch gerne bei Antr\u00e4gen, der Dokumentation Ihrer Untersuchungen und beim Schriftwechsel mit Krankenkassen und Leistungstr\u00e4gern.<\/p>\n[\/et_pb_text][\/et_pb_column][et_pb_column type=&#8220;1_2&#8243;][et_pb_text admin_label=&#8220;Text&#8220; background_layout=&#8220;light&#8220; text_orientation=&#8220;left&#8220;]\n<p><img loading=\"lazy\" decoding=\"async\" class=\"alignnone size-full wp-image-202\" src=\"https:\/\/hausarztpraxis-bauschert.de\/cms\/wp-content\/uploads\/2014\/08\/gesundheitskarte.jpg\" alt=\"gesundheitskarte\" width=\"690\" height=\"447\" srcset=\"https:\/\/hausarztpraxis-bauschert.de\/cms\/wp-content\/uploads\/2014\/08\/gesundheitskarte.jpg 690w, https:\/\/hausarztpraxis-bauschert.de\/cms\/wp-content\/uploads\/2014\/08\/gesundheitskarte-300x194.jpg 300w\" sizes=\"(max-width: 690px) 100vw, 690px\" \/><\/p>\n[\/et_pb_text][\/et_pb_column][\/et_pb_row][\/et_pb_section]\n","protected":false},"excerpt":{"rendered":"<p><div class=\"et_pb_row et_pb_row_0 et_pb_row_empty\">\n\t\t\t\t\n\t\t\t\t\n\t\t\t\t\n\t\t\t\t\n\t\t\t\t\n\t\t\t<\/div>Navigation durch das GesundheitssystemDie Medizin hat viele Fortschritte gemacht, ist dabei aber immer komplizierter geworden, so dass sich ein Laie darin oft nur schlecht zurechtfinden kann. Hier helfen wir als Ihre Hausarztpraxis und koordinieren mit Ihnen alle Behandlungsschritte. Bei uns laufen alle Informationen zusammen, so dass wir die besten Strategien f\u00fcr Ihre Gesundheit entwickeln k\u00f6nnen. [&hellip;]<\/p>\n","protected":false},"author":2,"featured_media":0,"parent":6,"menu_order":20,"comment_status":"open","ping_status":"closed","template":"","meta":{"_et_pb_use_builder":"on","_et_pb_old_content":"<p style=\"text-align: center;\"><img class=\"size-medium wp-image-24 aligncenter\" title=\"platzhalter_2\" src=\"http:\/\/bauschert.systemmedien.de\/wp-content\/uploads\/2012\/05\/platzhalter_2-300x109.jpg\" alt=\"\" width=\"300\" height=\"109\" \/>BLINDTEXT Lorem ipsum dolor sit amet, consetetur sadipscing elitr, sed diam nonumy eirmod tempor invidunt ut labore et dolore magna aliquyam erat, sed diam voluptua. At vero eos et accusam et justo duo dolores et ea rebum. Stet clita kasd gubergren, no sea takimata sanctus est Lorem ipsum dolor sit amet. Lorem ipsum dolor sit amet, consetetur sadipscing elitr, sed diam nonumy eirmod tempor invidunt ut labore et dolore magna aliquyam erat, sed diam voluptua. At vero eos et accusam et justo duo dolores et ea rebum. Stet clita kasd gubergren, no sea takimata sanctus est Lorem ipsum dolor sit amet.<\/p>","_et_gb_content_width":"","footnotes":""},"class_list":["post-10","page","type-page","status-publish","hentry"],"yoast_head":"<!-- This site is optimized with the Yoast SEO plugin v25.9 - https:\/\/yoast.com\/wordpress\/plugins\/seo\/ -->\n<title>Navi\u00adga\u00adtion durch das Gesundheitssystem - Hausarztpraxis Oberemmel<\/title>\n<meta name=\"robots\" content=\"index, follow, max-snippet:-1, max-image-preview:large, max-video-preview:-1\" \/>\n<link rel=\"canonical\" href=\"https:\/\/hausarztpraxis-bauschert.de\/cms\/?page_id=10\" \/>\n<meta property=\"og:locale\" content=\"de_DE\" \/>\n<meta property=\"og:type\" content=\"article\" \/>\n<meta property=\"og:title\" content=\"Navi\u00adga\u00adtion durch das Gesundheitssystem - Hausarztpraxis Oberemmel\" \/>\n<meta property=\"og:description\" content=\"Navigation durch das GesundheitssystemDie Medizin hat viele Fortschritte gemacht, ist dabei aber immer komplizierter geworden, so dass sich ein Laie darin oft nur schlecht zurechtfinden kann. Hier helfen wir als Ihre Hausarztpraxis und koordinieren mit Ihnen alle Behandlungsschritte. Bei uns laufen alle Informationen zusammen, so dass wir die besten Strategien f\u00fcr Ihre Gesundheit entwickeln k\u00f6nnen. [&hellip;]\" \/>\n<meta property=\"og:url\" content=\"https:\/\/hausarztpraxis-bauschert.de\/cms\/?page_id=10\" \/>\n<meta property=\"og:site_name\" content=\"Hausarztpraxis Oberemmel\" \/>\n<meta property=\"article:modified_time\" content=\"2015-06-29T09:45:21+00:00\" \/>\n<meta property=\"og:image\" content=\"https:\/\/hausarztpraxis-bauschert.de\/cms\/wp-content\/uploads\/2014\/08\/gesundheitskarte.jpg\" \/>\n<meta name=\"twitter:card\" content=\"summary_large_image\" \/>\n<meta name=\"twitter:label1\" content=\"Gesch\u00e4tzte Lesezeit\" \/>\n\t<meta name=\"twitter:data1\" content=\"2\u00a0Minuten\" \/>\n<script type=\"application\/ld+json\" class=\"yoast-schema-graph\">{\"@context\":\"https:\/\/schema.org\",\"@graph\":[{\"@type\":\"WebPage\",\"@id\":\"https:\/\/hausarztpraxis-bauschert.de\/cms\/?page_id=10\",\"url\":\"https:\/\/hausarztpraxis-bauschert.de\/cms\/?page_id=10\",\"name\":\"Navi\u00adga\u00adtion durch das Gesundheitssystem - Hausarztpraxis Oberemmel\",\"isPartOf\":{\"@id\":\"https:\/\/hausarztpraxis-bauschert.de\/cms\/#website\"},\"primaryImageOfPage\":{\"@id\":\"https:\/\/hausarztpraxis-bauschert.de\/cms\/?page_id=10#primaryimage\"},\"image\":{\"@id\":\"https:\/\/hausarztpraxis-bauschert.de\/cms\/?page_id=10#primaryimage\"},\"thumbnailUrl\":\"https:\/\/hausarztpraxis-bauschert.de\/cms\/wp-content\/uploads\/2014\/08\/gesundheitskarte.jpg\",\"datePublished\":\"2012-05-30T15:27:50+00:00\",\"dateModified\":\"2015-06-29T09:45:21+00:00\",\"breadcrumb\":{\"@id\":\"https:\/\/hausarztpraxis-bauschert.de\/cms\/?page_id=10#breadcrumb\"},\"inLanguage\":\"de\",\"potentialAction\":[{\"@type\":\"ReadAction\",\"target\":[\"https:\/\/hausarztpraxis-bauschert.de\/cms\/?page_id=10\"]}]},{\"@type\":\"ImageObject\",\"inLanguage\":\"de\",\"@id\":\"https:\/\/hausarztpraxis-bauschert.de\/cms\/?page_id=10#primaryimage\",\"url\":\"https:\/\/hausarztpraxis-bauschert.de\/cms\/wp-content\/uploads\/2014\/08\/gesundheitskarte.jpg\",\"contentUrl\":\"https:\/\/hausarztpraxis-bauschert.de\/cms\/wp-content\/uploads\/2014\/08\/gesundheitskarte.jpg\",\"width\":690,\"height\":447},{\"@type\":\"BreadcrumbList\",\"@id\":\"https:\/\/hausarztpraxis-bauschert.de\/cms\/?page_id=10#breadcrumb\",\"itemListElement\":[{\"@type\":\"ListItem\",\"position\":1,\"name\":\"Home\",\"item\":\"https:\/\/hausarztpraxis-bauschert.de\/cms\/\"},{\"@type\":\"ListItem\",\"position\":2,\"name\":\"Leistungen\",\"item\":\"https:\/\/hausarztpraxis-bauschert.de\/cms\/?page_id=6\"},{\"@type\":\"ListItem\",\"position\":3,\"name\":\"Navi\u00adga\u00adtion durch das Gesundheitssystem\"}]},{\"@type\":\"WebSite\",\"@id\":\"https:\/\/hausarztpraxis-bauschert.de\/cms\/#website\",\"url\":\"https:\/\/hausarztpraxis-bauschert.de\/cms\/\",\"name\":\"Hausarztpraxis Oberemmel\",\"description\":\"\",\"potentialAction\":[{\"@type\":\"SearchAction\",\"target\":{\"@type\":\"EntryPoint\",\"urlTemplate\":\"https:\/\/hausarztpraxis-bauschert.de\/cms\/?s={search_term_string}\"},\"query-input\":{\"@type\":\"PropertyValueSpecification\",\"valueRequired\":true,\"valueName\":\"search_term_string\"}}],\"inLanguage\":\"de\"}]}<\/script>\n<!-- \/ Yoast SEO plugin. -->","yoast_head_json":{"title":"Navi\u00adga\u00adtion durch das Gesundheitssystem - Hausarztpraxis Oberemmel","robots":{"index":"index","follow":"follow","max-snippet":"max-snippet:-1","max-image-preview":"max-image-preview:large","max-video-preview":"max-video-preview:-1"},"canonical":"https:\/\/hausarztpraxis-bauschert.de\/cms\/?page_id=10","og_locale":"de_DE","og_type":"article","og_title":"Navi\u00adga\u00adtion durch das Gesundheitssystem - Hausarztpraxis Oberemmel","og_description":"Navigation durch das GesundheitssystemDie Medizin hat viele Fortschritte gemacht, ist dabei aber immer komplizierter geworden, so dass sich ein Laie darin oft nur schlecht zurechtfinden kann. Hier helfen wir als Ihre Hausarztpraxis und koordinieren mit Ihnen alle Behandlungsschritte. Bei uns laufen alle Informationen zusammen, so dass wir die besten Strategien f\u00fcr Ihre Gesundheit entwickeln k\u00f6nnen. [&hellip;]","og_url":"https:\/\/hausarztpraxis-bauschert.de\/cms\/?page_id=10","og_site_name":"Hausarztpraxis Oberemmel","article_modified_time":"2015-06-29T09:45:21+00:00","og_image":[{"url":"https:\/\/hausarztpraxis-bauschert.de\/cms\/wp-content\/uploads\/2014\/08\/gesundheitskarte.jpg","type":"","width":"","height":""}],"twitter_card":"summary_large_image","twitter_misc":{"Gesch\u00e4tzte Lesezeit":"2\u00a0Minuten"},"schema":{"@context":"https:\/\/schema.org","@graph":[{"@type":"WebPage","@id":"https:\/\/hausarztpraxis-bauschert.de\/cms\/?page_id=10","url":"https:\/\/hausarztpraxis-bauschert.de\/cms\/?page_id=10","name":"Navi\u00adga\u00adtion durch das Gesundheitssystem - Hausarztpraxis Oberemmel","isPartOf":{"@id":"https:\/\/hausarztpraxis-bauschert.de\/cms\/#website"},"primaryImageOfPage":{"@id":"https:\/\/hausarztpraxis-bauschert.de\/cms\/?page_id=10#primaryimage"},"image":{"@id":"https:\/\/hausarztpraxis-bauschert.de\/cms\/?page_id=10#primaryimage"},"thumbnailUrl":"https:\/\/hausarztpraxis-bauschert.de\/cms\/wp-content\/uploads\/2014\/08\/gesundheitskarte.jpg","datePublished":"2012-05-30T15:27:50+00:00","dateModified":"2015-06-29T09:45:21+00:00","breadcrumb":{"@id":"https:\/\/hausarztpraxis-bauschert.de\/cms\/?page_id=10#breadcrumb"},"inLanguage":"de","potentialAction":[{"@type":"ReadAction","target":["https:\/\/hausarztpraxis-bauschert.de\/cms\/?page_id=10"]}]},{"@type":"ImageObject","inLanguage":"de","@id":"https:\/\/hausarztpraxis-bauschert.de\/cms\/?page_id=10#primaryimage","url":"https:\/\/hausarztpraxis-bauschert.de\/cms\/wp-content\/uploads\/2014\/08\/gesundheitskarte.jpg","contentUrl":"https:\/\/hausarztpraxis-bauschert.de\/cms\/wp-content\/uploads\/2014\/08\/gesundheitskarte.jpg","width":690,"height":447},{"@type":"BreadcrumbList","@id":"https:\/\/hausarztpraxis-bauschert.de\/cms\/?page_id=10#breadcrumb","itemListElement":[{"@type":"ListItem","position":1,"name":"Home","item":"https:\/\/hausarztpraxis-bauschert.de\/cms\/"},{"@type":"ListItem","position":2,"name":"Leistungen","item":"https:\/\/hausarztpraxis-bauschert.de\/cms\/?page_id=6"},{"@type":"ListItem","position":3,"name":"Navi\u00adga\u00adtion durch das Gesundheitssystem"}]},{"@type":"WebSite","@id":"https:\/\/hausarztpraxis-bauschert.de\/cms\/#website","url":"https:\/\/hausarztpraxis-bauschert.de\/cms\/","name":"Hausarztpraxis Oberemmel","description":"","potentialAction":[{"@type":"SearchAction","target":{"@type":"EntryPoint","urlTemplate":"https:\/\/hausarztpraxis-bauschert.de\/cms\/?s={search_term_string}"},"query-input":{"@type":"PropertyValueSpecification","valueRequired":true,"valueName":"search_term_string"}}],"inLanguage":"de"}]}},"_links":{"self":[{"href":"https:\/\/hausarztpraxis-bauschert.de\/cms\/index.php?rest_route=\/wp\/v2\/pages\/10","targetHints":{"allow":["GET"]}}],"collection":[{"href":"https:\/\/hausarztpraxis-bauschert.de\/cms\/index.php?rest_route=\/wp\/v2\/pages"}],"about":[{"href":"https:\/\/hausarztpraxis-bauschert.de\/cms\/index.php?rest_route=\/wp\/v2\/types\/page"}],"author":[{"embeddable":true,"href":"https:\/\/hausarztpraxis-bauschert.de\/cms\/index.php?rest_route=\/wp\/v2\/users\/2"}],"replies":[{"embeddable":true,"href":"https:\/\/hausarztpraxis-bauschert.de\/cms\/index.php?rest_route=%2Fwp%2Fv2%2Fcomments&post=10"}],"version-history":[{"count":13,"href":"https:\/\/hausarztpraxis-bauschert.de\/cms\/index.php?rest_route=\/wp\/v2\/pages\/10\/revisions"}],"predecessor-version":[{"id":439,"href":"https:\/\/hausarztpraxis-bauschert.de\/cms\/index.php?rest_route=\/wp\/v2\/pages\/10\/revisions\/439"}],"up":[{"embeddable":true,"href":"https:\/\/hausarztpraxis-bauschert.de\/cms\/index.php?rest_route=\/wp\/v2\/pages\/6"}],"wp:attachment":[{"href":"https:\/\/hausarztpraxis-bauschert.de\/cms\/index.php?rest_route=%2Fwp%2Fv2%2Fmedia&parent=10"}],"curies":[{"name":"wp","href":"https:\/\/api.w.org\/{rel}","templated":true}]}}