{"id":233,"date":"2014-10-06T11:52:17","date_gmt":"2014-10-06T11:52:17","guid":{"rendered":"http:\/\/bauschert.systemmedien.de\/?page_id=233"},"modified":"2023-03-01T16:49:07","modified_gmt":"2023-03-01T14:49:07","slug":"philosophie","status":"publish","type":"page","link":"https:\/\/hausarztpraxis-bauschert.de\/cms\/?page_id=233","title":{"rendered":"Philosophie"},"content":{"rendered":"[et_pb_section fb_built=&#8220;1&#8243; fullwidth=&#8220;on&#8220; _builder_version=&#8220;4.16&#8243; global_colors_info=&#8220;{}&#8220;][et_pb_fullwidth_image src=&#8220;https:\/\/hausarztpraxis-bauschert.de\/cms\/wp-content\/uploads\/2014\/08\/eingang_team_zudritt.jpg&#8220; admin_label=&#8220;Volle Breite des Bildes&#8220; _builder_version=&#8220;4.16&#8243; animation_style=&#8220;fade&#8220; animation_duration=&#8220;500ms&#8220; animation=&#8220;fade_in&#8220; use_border_color=&#8220;off&#8220; border_color=&#8220;#ffffff&#8220; border_style=&#8220;solid&#8220; global_colors_info=&#8220;{}&#8220;][\/et_pb_fullwidth_image][\/et_pb_section][et_pb_section fb_built=&#8220;1&#8243; _builder_version=&#8220;4.16&#8243; global_colors_info=&#8220;{}&#8220;][et_pb_row _builder_version=&#8220;4.16&#8243; background_size=&#8220;initial&#8220; background_position=&#8220;top_left&#8220; background_repeat=&#8220;repeat&#8220; global_colors_info=&#8220;{}&#8220;][et_pb_column type=&#8220;4_4&#8243; _builder_version=&#8220;4.16&#8243; custom_padding=&#8220;|||&#8220; global_colors_info=&#8220;{}&#8220; custom_padding__hover=&#8220;|||&#8220;][et_pb_text admin_label=&#8220;Text&#8220; _builder_version=&#8220;4.16&#8243; background_size=&#8220;initial&#8220; background_position=&#8220;top_left&#8220; background_repeat=&#8220;repeat&#8220; use_border_color=&#8220;off&#8220; border_color=&#8220;#ffffff&#8220; border_style=&#8220;solid&#8220; global_colors_info=&#8220;{}&#8220;]\n<h1><strong>Unsere Philosophie<\/strong><\/h1>\n[\/et_pb_text][\/et_pb_column][\/et_pb_row][\/et_pb_section][et_pb_section fb_built=&#8220;1&#8243; custom_padding_last_edited=&#8220;on|desktop&#8220; _builder_version=&#8220;4.16&#8243; background_color=&#8220;#004d91&#8243; parallax=&#8220;on&#8220; parallax_method=&#8220;off&#8220; custom_padding_tablet=&#8220;50px|0|50px|0&#8243; transparent_background=&#8220;off&#8220; padding_mobile=&#8220;off&#8220; make_fullwidth=&#8220;off&#8220; use_custom_width=&#8220;off&#8220; width_unit=&#8220;on&#8220; global_colors_info=&#8220;{}&#8220; custom_padding_phone=&#8220;50px|0|50px|0&#8243;][et_pb_row _builder_version=&#8220;4.16&#8243; background_size=&#8220;initial&#8220; background_position=&#8220;top_left&#8220; background_repeat=&#8220;repeat&#8220; global_colors_info=&#8220;{}&#8220; column_structure=&#8220;1_2,1_2&#8243;][et_pb_column type=&#8220;1_2&#8243; _builder_version=&#8220;4.16&#8243; custom_padding=&#8220;|||&#8220; global_colors_info=&#8220;{}&#8220; custom_padding__hover=&#8220;|||&#8220;][et_pb_text admin_label=&#8220;Wir sind Landarzt&#8220; _builder_version=&#8220;4.16&#8243; background_size=&#8220;initial&#8220; background_position=&#8220;top_left&#8220; background_repeat=&#8220;repeat&#8220; background_layout=&#8220;dark&#8220; use_border_color=&#8220;off&#8220; border_color=&#8220;#ffffff&#8220; border_style=&#8220;solid&#8220; global_colors_info=&#8220;{}&#8220;]\n<h3><strong>Wir sind Landarzt<\/strong><\/h3>\n<p style=\"text-align: justify;\">An erster Stelle steht f\u00fcr uns, den Patienten ganzheitlich zu betrachten. Denn zu einem Menschen geh\u00f6ren immer K\u00f6rper und Seele, geh\u00f6rt seine Individualit\u00e4t genauso wie sein soziales Umfeld. Wir stellen uns auf Sie als ganzen Menschen ein und widmen uns allen Aspekten. Konkret hei\u00dft das: Zuh\u00f6ren, Zeit nehmen, untersuchen, diagnostizieren und behandeln.<\/p>\n<p style=\"text-align: justify;\">Gemeinsam mit Ihnen finden wir den bestm\u00f6glichen Weg hin zu Ihrer <a target=\"_blank\" href=\"https:\/\/splendris-pharmaceuticals.de\/\" style=\"background: none; padding:0; border: none;font: inherit; color: inherit; text-decoration: none; box-shadow: none;\">Gesundheit<\/a>. Wir schauen genau, welche Therapie f\u00fcr Sie in ihrer Gesamtsituation sinnvoll ist und welche nicht. Sei es nun die Behandlung mit schulmedizinischen Methoden und Heilverfahren, Naturheilkundlich oder eine Kur f\u00fcr die Seele.<\/p>\n[\/et_pb_text][\/et_pb_column][et_pb_column type=&#8220;1_2&#8243; _builder_version=&#8220;4.16&#8243; custom_padding=&#8220;|||&#8220; global_colors_info=&#8220;{}&#8220; custom_padding__hover=&#8220;|||&#8220;][et_pb_text admin_label=&#8220;Text&#8220; _builder_version=&#8220;4.16&#8243; background_size=&#8220;initial&#8220; background_position=&#8220;top_left&#8220; background_repeat=&#8220;repeat&#8220; use_border_color=&#8220;off&#8220; border_color=&#8220;#ffffff&#8220; border_style=&#8220;solid&#8220; global_colors_info=&#8220;{}&#8220;]<img loading=\"lazy\" decoding=\"async\" src=\"https:\/\/hausarztpraxis-bauschert.de\/cms\/wp-content\/uploads\/2018\/07\/blutabnahme_2.jpg\" alt=\"blutabnahme_2\" width=\"718\" height=\"554\" class=\"alignleft size-full wp-image-611\" srcset=\"https:\/\/hausarztpraxis-bauschert.de\/cms\/wp-content\/uploads\/2018\/07\/blutabnahme_2.jpg 718w, https:\/\/hausarztpraxis-bauschert.de\/cms\/wp-content\/uploads\/2018\/07\/blutabnahme_2-300x231.jpg 300w\" sizes=\"(max-width: 718px) 100vw, 718px\" \/>[\/et_pb_text][\/et_pb_column][\/et_pb_row][\/et_pb_section][et_pb_section fb_built=&#8220;1&#8243; _builder_version=&#8220;4.16&#8243; global_colors_info=&#8220;{}&#8220;][et_pb_row _builder_version=&#8220;4.16&#8243; background_size=&#8220;initial&#8220; background_position=&#8220;top_left&#8220; background_repeat=&#8220;repeat&#8220; global_colors_info=&#8220;{}&#8220; column_structure=&#8220;1_2,1_2&#8243;][et_pb_column type=&#8220;1_2&#8243; _builder_version=&#8220;4.16&#8243; custom_padding=&#8220;|||&#8220; global_colors_info=&#8220;{}&#8220; custom_padding__hover=&#8220;|||&#8220;][et_pb_text admin_label=&#8220;Text&#8220; _builder_version=&#8220;4.16&#8243; background_size=&#8220;initial&#8220; background_position=&#8220;top_left&#8220; background_repeat=&#8220;repeat&#8220; use_border_color=&#8220;off&#8220; border_color=&#8220;#ffffff&#8220; border_style=&#8220;solid&#8220; global_colors_info=&#8220;{}&#8220;]<img loading=\"lazy\" decoding=\"async\" src=\"https:\/\/hausarztpraxis-bauschert.de\/cms\/wp-content\/uploads\/2014\/10\/anmeldung_2.jpg\" alt=\"anmeldung_2\" width=\"595\" height=\"471\" class=\"alignleft size-full wp-image-620\" srcset=\"https:\/\/hausarztpraxis-bauschert.de\/cms\/wp-content\/uploads\/2014\/10\/anmeldung_2.jpg 595w, https:\/\/hausarztpraxis-bauschert.de\/cms\/wp-content\/uploads\/2014\/10\/anmeldung_2-300x237.jpg 300w\" sizes=\"(max-width: 595px) 100vw, 595px\" \/>[\/et_pb_text][\/et_pb_column][et_pb_column type=&#8220;1_2&#8243; _builder_version=&#8220;4.16&#8243; custom_padding=&#8220;|||&#8220; global_colors_info=&#8220;{}&#8220; custom_padding__hover=&#8220;|||&#8220;][et_pb_text admin_label=&#8220;Doch was w\u00e4re ein Arzt ohne %22gute Geister%22&#8243; _builder_version=&#8220;4.16&#8243; background_size=&#8220;initial&#8220; background_position=&#8220;top_left&#8220; background_repeat=&#8220;repeat&#8220; use_border_color=&#8220;off&#8220; border_color=&#8220;#ffffff&#8220; border_style=&#8220;solid&#8220; global_colors_info=&#8220;{}&#8220;]\n<p style=\"text-align: justify;\">Doch was w\u00e4re ein Arzt ohne &#8222;gute Geister&#8220; um ihn herum? Wir sind ein eingeschworenes Praxisteam und arbeiten Hand in Hand f\u00fcr Ihre Gesundheit.<\/p>\n<p style=\"text-align: justify;\">In einer Landarztpraxis wie der Unseren, ist der Ablauf der Gleiche wie der in einer Stadtpraxis aber ein wenig pers\u00f6nlicher. So k\u00f6nnen wir uns in Ruhe Zeit f\u00fcr unsere Patienten nehmen und wirklich auf sie eingehen.<\/p>\n<p>Denn Sie als Patient stehen bei uns im Mittelpunkt. Wir lieben unsere Arbeit und wir lieben es dazu beizutragen, dass sie sich m\u00f6glichst bald wieder wohlf\u00fchlen und gesunden.<\/p>\n<p style=\"text-align: justify;\">Unsere Devise ist: Ernsthaft, aber nicht verbissen. Die Fakten beachten, aber nie den Patienten \u00fcbersehen. Den Humor nicht vergessen, aber immer gewissenhaft handeln. Die positive R\u00fcckmeldung von unseren Patienten best\u00e4rkt uns darin, dass wir hier den richtigen Weg eingeschlagen haben.<\/p>\n<p style=\"text-align: justify;\">Bei uns in der Praxis oder auf einem Hausbesuch bei Ihnen:<br \/>Wir k\u00fcmmern uns um Sie, denn wir m\u00f6chten, dass es Ihnen gut geht!<\/p>\n[\/et_pb_text][\/et_pb_column][\/et_pb_row][\/et_pb_section]\n","protected":false},"excerpt":{"rendered":"<p>Unsere Philosophie Wir sind Landarzt An erster Stelle steht f\u00fcr uns, den Patienten ganzheitlich zu betrachten. Denn zu einem Menschen geh\u00f6ren immer K\u00f6rper und Seele, geh\u00f6rt seine Individualit\u00e4t genauso wie sein soziales Umfeld. Wir stellen uns auf Sie als ganzen Menschen ein und widmen uns allen Aspekten. Konkret hei\u00dft das: Zuh\u00f6ren, Zeit nehmen, untersuchen, diagnostizieren [&hellip;]<\/p>\n","protected":false},"author":2,"featured_media":0,"parent":2,"menu_order":0,"comment_status":"open","ping_status":"closed","template":"","meta":{"_et_pb_use_builder":"on","_et_pb_old_content":"text","_et_gb_content_width":"","footnotes":""},"class_list":["post-233","page","type-page","status-publish","hentry"],"yoast_head":"<!-- This site is optimized with the Yoast SEO plugin v25.9 - https:\/\/yoast.com\/wordpress\/plugins\/seo\/ -->\n<title>Philosophie - Hausarztpraxis Oberemmel<\/title>\n<meta name=\"description\" content=\"Unsere Philosophie - Wir sind Landarzt - An erster Stelle steht f\u00fcr uns, den Patienten ganzheitlich zu betrachten.\" \/>\n<meta name=\"robots\" content=\"index, follow, max-snippet:-1, max-image-preview:large, max-video-preview:-1\" \/>\n<link rel=\"canonical\" href=\"https:\/\/hausarztpraxis-bauschert.de\/cms\/?page_id=233\" \/>\n<meta property=\"og:locale\" content=\"de_DE\" \/>\n<meta property=\"og:type\" content=\"article\" \/>\n<meta property=\"og:title\" content=\"Philosophie - Hausarztpraxis Oberemmel\" \/>\n<meta property=\"og:description\" content=\"Unsere Philosophie - Wir sind Landarzt - An erster Stelle steht f\u00fcr uns, den Patienten ganzheitlich zu betrachten.\" \/>\n<meta property=\"og:url\" content=\"https:\/\/hausarztpraxis-bauschert.de\/cms\/?page_id=233\" \/>\n<meta property=\"og:site_name\" content=\"Hausarztpraxis Oberemmel\" \/>\n<meta property=\"article:modified_time\" content=\"2023-03-01T14:49:07+00:00\" \/>\n<meta property=\"og:image\" content=\"https:\/\/hausarztpraxis-bauschert.de\/cms\/wp-content\/uploads\/2018\/07\/blutabnahme_2.jpg\" \/>\n<meta name=\"twitter:card\" content=\"summary_large_image\" \/>\n<meta name=\"twitter:label1\" content=\"Gesch\u00e4tzte Lesezeit\" \/>\n\t<meta name=\"twitter:data1\" content=\"4\u00a0Minuten\" \/>\n<script type=\"application\/ld+json\" class=\"yoast-schema-graph\">{\"@context\":\"https:\/\/schema.org\",\"@graph\":[{\"@type\":\"WebPage\",\"@id\":\"https:\/\/hausarztpraxis-bauschert.de\/cms\/?page_id=233\",\"url\":\"https:\/\/hausarztpraxis-bauschert.de\/cms\/?page_id=233\",\"name\":\"Philosophie - Hausarztpraxis Oberemmel\",\"isPartOf\":{\"@id\":\"https:\/\/hausarztpraxis-bauschert.de\/cms\/#website\"},\"primaryImageOfPage\":{\"@id\":\"https:\/\/hausarztpraxis-bauschert.de\/cms\/?page_id=233#primaryimage\"},\"image\":{\"@id\":\"https:\/\/hausarztpraxis-bauschert.de\/cms\/?page_id=233#primaryimage\"},\"thumbnailUrl\":\"https:\/\/hausarztpraxis-bauschert.de\/cms\/wp-content\/uploads\/2018\/07\/blutabnahme_2.jpg\",\"datePublished\":\"2014-10-06T11:52:17+00:00\",\"dateModified\":\"2023-03-01T14:49:07+00:00\",\"description\":\"Unsere Philosophie - Wir sind Landarzt - An erster Stelle steht f\u00fcr uns, den Patienten ganzheitlich zu betrachten.\",\"breadcrumb\":{\"@id\":\"https:\/\/hausarztpraxis-bauschert.de\/cms\/?page_id=233#breadcrumb\"},\"inLanguage\":\"de\",\"potentialAction\":[{\"@type\":\"ReadAction\",\"target\":[\"https:\/\/hausarztpraxis-bauschert.de\/cms\/?page_id=233\"]}]},{\"@type\":\"ImageObject\",\"inLanguage\":\"de\",\"@id\":\"https:\/\/hausarztpraxis-bauschert.de\/cms\/?page_id=233#primaryimage\",\"url\":\"https:\/\/hausarztpraxis-bauschert.de\/cms\/wp-content\/uploads\/2018\/07\/blutabnahme_2.jpg\",\"contentUrl\":\"https:\/\/hausarztpraxis-bauschert.de\/cms\/wp-content\/uploads\/2018\/07\/blutabnahme_2.jpg\",\"width\":718,\"height\":554},{\"@type\":\"BreadcrumbList\",\"@id\":\"https:\/\/hausarztpraxis-bauschert.de\/cms\/?page_id=233#breadcrumb\",\"itemListElement\":[{\"@type\":\"ListItem\",\"position\":1,\"name\":\"Home\",\"item\":\"https:\/\/hausarztpraxis-bauschert.de\/cms\/\"},{\"@type\":\"ListItem\",\"position\":2,\"name\":\"Praxis\",\"item\":\"https:\/\/hausarztpraxis-bauschert.de\/cms\/?page_id=2\"},{\"@type\":\"ListItem\",\"position\":3,\"name\":\"Philosophie\"}]},{\"@type\":\"WebSite\",\"@id\":\"https:\/\/hausarztpraxis-bauschert.de\/cms\/#website\",\"url\":\"https:\/\/hausarztpraxis-bauschert.de\/cms\/\",\"name\":\"Hausarztpraxis Oberemmel\",\"description\":\"\",\"potentialAction\":[{\"@type\":\"SearchAction\",\"target\":{\"@type\":\"EntryPoint\",\"urlTemplate\":\"https:\/\/hausarztpraxis-bauschert.de\/cms\/?s={search_term_string}\"},\"query-input\":{\"@type\":\"PropertyValueSpecification\",\"valueRequired\":true,\"valueName\":\"search_term_string\"}}],\"inLanguage\":\"de\"}]}<\/script>\n<!-- \/ Yoast SEO plugin. -->","yoast_head_json":{"title":"Philosophie - Hausarztpraxis Oberemmel","description":"Unsere Philosophie - Wir sind Landarzt - An erster Stelle steht f\u00fcr uns, den Patienten ganzheitlich zu betrachten.","robots":{"index":"index","follow":"follow","max-snippet":"max-snippet:-1","max-image-preview":"max-image-preview:large","max-video-preview":"max-video-preview:-1"},"canonical":"https:\/\/hausarztpraxis-bauschert.de\/cms\/?page_id=233","og_locale":"de_DE","og_type":"article","og_title":"Philosophie - Hausarztpraxis Oberemmel","og_description":"Unsere Philosophie - Wir sind Landarzt - An erster Stelle steht f\u00fcr uns, den Patienten ganzheitlich zu betrachten.","og_url":"https:\/\/hausarztpraxis-bauschert.de\/cms\/?page_id=233","og_site_name":"Hausarztpraxis Oberemmel","article_modified_time":"2023-03-01T14:49:07+00:00","og_image":[{"url":"https:\/\/hausarztpraxis-bauschert.de\/cms\/wp-content\/uploads\/2018\/07\/blutabnahme_2.jpg","type":"","width":"","height":""}],"twitter_card":"summary_large_image","twitter_misc":{"Gesch\u00e4tzte Lesezeit":"4\u00a0Minuten"},"schema":{"@context":"https:\/\/schema.org","@graph":[{"@type":"WebPage","@id":"https:\/\/hausarztpraxis-bauschert.de\/cms\/?page_id=233","url":"https:\/\/hausarztpraxis-bauschert.de\/cms\/?page_id=233","name":"Philosophie - Hausarztpraxis Oberemmel","isPartOf":{"@id":"https:\/\/hausarztpraxis-bauschert.de\/cms\/#website"},"primaryImageOfPage":{"@id":"https:\/\/hausarztpraxis-bauschert.de\/cms\/?page_id=233#primaryimage"},"image":{"@id":"https:\/\/hausarztpraxis-bauschert.de\/cms\/?page_id=233#primaryimage"},"thumbnailUrl":"https:\/\/hausarztpraxis-bauschert.de\/cms\/wp-content\/uploads\/2018\/07\/blutabnahme_2.jpg","datePublished":"2014-10-06T11:52:17+00:00","dateModified":"2023-03-01T14:49:07+00:00","description":"Unsere Philosophie - Wir sind Landarzt - An erster Stelle steht f\u00fcr uns, den Patienten ganzheitlich zu betrachten.","breadcrumb":{"@id":"https:\/\/hausarztpraxis-bauschert.de\/cms\/?page_id=233#breadcrumb"},"inLanguage":"de","potentialAction":[{"@type":"ReadAction","target":["https:\/\/hausarztpraxis-bauschert.de\/cms\/?page_id=233"]}]},{"@type":"ImageObject","inLanguage":"de","@id":"https:\/\/hausarztpraxis-bauschert.de\/cms\/?page_id=233#primaryimage","url":"https:\/\/hausarztpraxis-bauschert.de\/cms\/wp-content\/uploads\/2018\/07\/blutabnahme_2.jpg","contentUrl":"https:\/\/hausarztpraxis-bauschert.de\/cms\/wp-content\/uploads\/2018\/07\/blutabnahme_2.jpg","width":718,"height":554},{"@type":"BreadcrumbList","@id":"https:\/\/hausarztpraxis-bauschert.de\/cms\/?page_id=233#breadcrumb","itemListElement":[{"@type":"ListItem","position":1,"name":"Home","item":"https:\/\/hausarztpraxis-bauschert.de\/cms\/"},{"@type":"ListItem","position":2,"name":"Praxis","item":"https:\/\/hausarztpraxis-bauschert.de\/cms\/?page_id=2"},{"@type":"ListItem","position":3,"name":"Philosophie"}]},{"@type":"WebSite","@id":"https:\/\/hausarztpraxis-bauschert.de\/cms\/#website","url":"https:\/\/hausarztpraxis-bauschert.de\/cms\/","name":"Hausarztpraxis Oberemmel","description":"","potentialAction":[{"@type":"SearchAction","target":{"@type":"EntryPoint","urlTemplate":"https:\/\/hausarztpraxis-bauschert.de\/cms\/?s={search_term_string}"},"query-input":{"@type":"PropertyValueSpecification","valueRequired":true,"valueName":"search_term_string"}}],"inLanguage":"de"}]}},"_links":{"self":[{"href":"https:\/\/hausarztpraxis-bauschert.de\/cms\/index.php?rest_route=\/wp\/v2\/pages\/233","targetHints":{"allow":["GET"]}}],"collection":[{"href":"https:\/\/hausarztpraxis-bauschert.de\/cms\/index.php?rest_route=\/wp\/v2\/pages"}],"about":[{"href":"https:\/\/hausarztpraxis-bauschert.de\/cms\/index.php?rest_route=\/wp\/v2\/types\/page"}],"author":[{"embeddable":true,"href":"https:\/\/hausarztpraxis-bauschert.de\/cms\/index.php?rest_route=\/wp\/v2\/users\/2"}],"replies":[{"embeddable":true,"href":"https:\/\/hausarztpraxis-bauschert.de\/cms\/index.php?rest_route=%2Fwp%2Fv2%2Fcomments&post=233"}],"version-history":[{"count":23,"href":"https:\/\/hausarztpraxis-bauschert.de\/cms\/index.php?rest_route=\/wp\/v2\/pages\/233\/revisions"}],"predecessor-version":[{"id":770,"href":"https:\/\/hausarztpraxis-bauschert.de\/cms\/index.php?rest_route=\/wp\/v2\/pages\/233\/revisions\/770"}],"up":[{"embeddable":true,"href":"https:\/\/hausarztpraxis-bauschert.de\/cms\/index.php?rest_route=\/wp\/v2\/pages\/2"}],"wp:attachment":[{"href":"https:\/\/hausarztpraxis-bauschert.de\/cms\/index.php?rest_route=%2Fwp%2Fv2%2Fmedia&parent=233"}],"curies":[{"name":"wp","href":"https:\/\/api.w.org\/{rel}","templated":true}]}}