{"id":329,"date":"2014-08-23T12:32:51","date_gmt":"2014-08-23T12:32:51","guid":{"rendered":"http:\/\/bauschert.systemmedien.de\/?page_id=112"},"modified":"2024-01-18T18:55:40","modified_gmt":"2024-01-18T16:55:40","slug":"home","status":"publish","type":"page","link":"https:\/\/hausarztpraxis-bauschert.de\/cms\/","title":{"rendered":"Home"},"content":{"rendered":"[et_pb_section fb_built=&#8220;1&#8243; _builder_version=&#8220;4.16&#8243; global_colors_info=&#8220;{}&#8220; custom_padding=&#8220;12px|||||&#8220;][et_pb_row _builder_version=&#8220;4.16&#8243; background_size=&#8220;initial&#8220; background_position=&#8220;top_left&#8220; background_repeat=&#8220;repeat&#8220; global_colors_info=&#8220;{}&#8220;][et_pb_column type=&#8220;4_4&#8243; _builder_version=&#8220;4.16&#8243; custom_padding=&#8220;|||&#8220; global_colors_info=&#8220;{}&#8220; custom_padding__hover=&#8220;|||&#8220;][et_pb_text _builder_version=&#8220;4.16&#8243; background_size=&#8220;initial&#8220; background_position=&#8220;top_left&#8220; background_repeat=&#8220;repeat&#8220; min_height=&#8220;89.8px&#8220; global_colors_info=&#8220;{}&#8220;]<!-- divi:paragraph {\"textColor\":\"vivid-red\"} --><!-- \/divi:paragraph --><!-- divi:paragraph {\"textColor\":\"vivid-red\"} --><!-- \/divi:paragraph --><!-- divi:paragraph {\"textColor\":\"vivid-red\"} --><\/p>\n<p>&nbsp;<\/p>\n<p>&nbsp;<\/p>\n<p>&nbsp;<\/p>\n<p>&nbsp;<\/p>\n<p><!-- \/divi:paragraph -->[\/et_pb_text][\/et_pb_column][\/et_pb_row][\/et_pb_section]\n","protected":false},"excerpt":{"rendered":"<p>&nbsp; &nbsp; &nbsp; &nbsp;<\/p>\n","protected":false},"author":2,"featured_media":0,"parent":0,"menu_order":0,"comment_status":"open","ping_status":"closed","template":"","meta":{"_et_pb_use_builder":"on","_et_pb_old_content":"<!-- wp:paragraph {\"textColor\":\"vivid-red\"} -->\n<p class=\"has-vivid-red-color has-text-color\">Liebe Patientinnen und Patienten!<\/p>\n<!-- \/wp:paragraph -->\n\n<!-- wp:paragraph {\"textColor\":\"vivid-red\"} -->\n<p class=\"has-vivid-red-color has-text-color\">An alle Buschfunker!<\/p>\n<!-- \/wp:paragraph -->\n\n<!-- wp:paragraph {\"textColor\":\"vivid-red\"} -->\n<p class=\"has-vivid-red-color has-text-color\">Buschfunk ist was Sch\u00f6nes !!!!!...... aber leider meist ohne der Wahrheit entsprechenden Informationen. <\/p>\n<!-- \/wp:paragraph -->\n\n<!-- wp:paragraph {\"textColor\":\"vivid-red\"} -->\n<p class=\"has-vivid-red-color has-text-color\">Entgegen aller kursierenden Ger\u00fcchte werde ich weder in diesem, noch im n\u00e4chsten Jahr meine \u00e4rztliche T\u00e4tigkeit in Oberemmel beenden. <\/p>\n<!-- \/wp:paragraph -->\n\n<!-- wp:paragraph {\"textColor\":\"vivid-red\"} -->\n<p class=\"has-vivid-red-color has-text-color\">Bleiben Sie gesund !<\/p>\n<!-- \/wp:paragraph -->\n\n<!-- wp:paragraph {\"textColor\":\"vivid-red\"} -->\n<p class=\"has-vivid-red-color has-text-color\">Mit freundlichen Gr\u00fc\u00dfen<\/p>\n<!-- \/wp:paragraph -->\n\n<!-- wp:paragraph {\"textColor\":\"vivid-red\"} -->\n<p class=\"has-vivid-red-color has-text-color\">Ihr Arno Bauschert<\/p>\n<!-- \/wp:paragraph -->","_et_gb_content_width":"","footnotes":""},"class_list":["post-329","page","type-page","status-publish","hentry"],"yoast_head":"<!-- This site is optimized with the Yoast SEO plugin v25.9 - https:\/\/yoast.com\/wordpress\/plugins\/seo\/ -->\n<title>Hausarztpraxis Oberemmel Arno Bauschert<\/title>\n<meta name=\"description\" content=\"Wir sind Landarzt - Arno Bauschert - Ihr Hausarzt in Oberemmel und Umgebung\" \/>\n<meta name=\"robots\" content=\"index, follow, max-snippet:-1, max-image-preview:large, max-video-preview:-1\" \/>\n<link rel=\"canonical\" href=\"https:\/\/hausarztpraxis-bauschert.de\/cms\/\" \/>\n<meta property=\"og:locale\" content=\"de_DE\" \/>\n<meta property=\"og:type\" content=\"article\" \/>\n<meta property=\"og:title\" content=\"Hausarztpraxis Oberemmel Arno Bauschert\" \/>\n<meta property=\"og:description\" content=\"Wir sind Landarzt - Arno Bauschert - Ihr Hausarzt in Oberemmel und Umgebung\" \/>\n<meta property=\"og:url\" content=\"https:\/\/hausarztpraxis-bauschert.de\/cms\/\" \/>\n<meta property=\"og:site_name\" content=\"Hausarztpraxis Oberemmel\" \/>\n<meta property=\"article:modified_time\" content=\"2024-01-18T16:55:40+00:00\" \/>\n<meta name=\"twitter:card\" content=\"summary_large_image\" \/>\n<meta name=\"twitter:label1\" content=\"Gesch\u00e4tzte Lesezeit\" \/>\n\t<meta name=\"twitter:data1\" content=\"1\u00a0Minute\" \/>\n<script type=\"application\/ld+json\" class=\"yoast-schema-graph\">{\"@context\":\"https:\/\/schema.org\",\"@graph\":[{\"@type\":\"WebPage\",\"@id\":\"https:\/\/hausarztpraxis-bauschert.de\/cms\/\",\"url\":\"https:\/\/hausarztpraxis-bauschert.de\/cms\/\",\"name\":\"Hausarztpraxis Oberemmel Arno Bauschert\",\"isPartOf\":{\"@id\":\"https:\/\/hausarztpraxis-bauschert.de\/cms\/#website\"},\"datePublished\":\"2014-08-23T12:32:51+00:00\",\"dateModified\":\"2024-01-18T16:55:40+00:00\",\"description\":\"Wir sind Landarzt - Arno Bauschert - Ihr Hausarzt in Oberemmel und Umgebung\",\"breadcrumb\":{\"@id\":\"https:\/\/hausarztpraxis-bauschert.de\/cms\/#breadcrumb\"},\"inLanguage\":\"de\",\"potentialAction\":[{\"@type\":\"ReadAction\",\"target\":[\"https:\/\/hausarztpraxis-bauschert.de\/cms\/\"]}]},{\"@type\":\"BreadcrumbList\",\"@id\":\"https:\/\/hausarztpraxis-bauschert.de\/cms\/#breadcrumb\",\"itemListElement\":[{\"@type\":\"ListItem\",\"position\":1,\"name\":\"Home\",\"item\":\"https:\/\/hausarztpraxis-bauschert.de\/cms\/\"},{\"@type\":\"ListItem\",\"position\":2,\"name\":\"Home\"}]},{\"@type\":\"WebSite\",\"@id\":\"https:\/\/hausarztpraxis-bauschert.de\/cms\/#website\",\"url\":\"https:\/\/hausarztpraxis-bauschert.de\/cms\/\",\"name\":\"Hausarztpraxis Oberemmel\",\"description\":\"\",\"potentialAction\":[{\"@type\":\"SearchAction\",\"target\":{\"@type\":\"EntryPoint\",\"urlTemplate\":\"https:\/\/hausarztpraxis-bauschert.de\/cms\/?s={search_term_string}\"},\"query-input\":{\"@type\":\"PropertyValueSpecification\",\"valueRequired\":true,\"valueName\":\"search_term_string\"}}],\"inLanguage\":\"de\"}]}<\/script>\n<!-- \/ Yoast SEO plugin. -->","yoast_head_json":{"title":"Hausarztpraxis Oberemmel Arno Bauschert","description":"Wir sind Landarzt - Arno Bauschert - Ihr Hausarzt in Oberemmel und Umgebung","robots":{"index":"index","follow":"follow","max-snippet":"max-snippet:-1","max-image-preview":"max-image-preview:large","max-video-preview":"max-video-preview:-1"},"canonical":"https:\/\/hausarztpraxis-bauschert.de\/cms\/","og_locale":"de_DE","og_type":"article","og_title":"Hausarztpraxis Oberemmel Arno Bauschert","og_description":"Wir sind Landarzt - Arno Bauschert - Ihr Hausarzt in Oberemmel und Umgebung","og_url":"https:\/\/hausarztpraxis-bauschert.de\/cms\/","og_site_name":"Hausarztpraxis Oberemmel","article_modified_time":"2024-01-18T16:55:40+00:00","twitter_card":"summary_large_image","twitter_misc":{"Gesch\u00e4tzte Lesezeit":"1\u00a0Minute"},"schema":{"@context":"https:\/\/schema.org","@graph":[{"@type":"WebPage","@id":"https:\/\/hausarztpraxis-bauschert.de\/cms\/","url":"https:\/\/hausarztpraxis-bauschert.de\/cms\/","name":"Hausarztpraxis Oberemmel Arno Bauschert","isPartOf":{"@id":"https:\/\/hausarztpraxis-bauschert.de\/cms\/#website"},"datePublished":"2014-08-23T12:32:51+00:00","dateModified":"2024-01-18T16:55:40+00:00","description":"Wir sind Landarzt - Arno Bauschert - Ihr Hausarzt in Oberemmel und Umgebung","breadcrumb":{"@id":"https:\/\/hausarztpraxis-bauschert.de\/cms\/#breadcrumb"},"inLanguage":"de","potentialAction":[{"@type":"ReadAction","target":["https:\/\/hausarztpraxis-bauschert.de\/cms\/"]}]},{"@type":"BreadcrumbList","@id":"https:\/\/hausarztpraxis-bauschert.de\/cms\/#breadcrumb","itemListElement":[{"@type":"ListItem","position":1,"name":"Home","item":"https:\/\/hausarztpraxis-bauschert.de\/cms\/"},{"@type":"ListItem","position":2,"name":"Home"}]},{"@type":"WebSite","@id":"https:\/\/hausarztpraxis-bauschert.de\/cms\/#website","url":"https:\/\/hausarztpraxis-bauschert.de\/cms\/","name":"Hausarztpraxis Oberemmel","description":"","potentialAction":[{"@type":"SearchAction","target":{"@type":"EntryPoint","urlTemplate":"https:\/\/hausarztpraxis-bauschert.de\/cms\/?s={search_term_string}"},"query-input":{"@type":"PropertyValueSpecification","valueRequired":true,"valueName":"search_term_string"}}],"inLanguage":"de"}]}},"_links":{"self":[{"href":"https:\/\/hausarztpraxis-bauschert.de\/cms\/index.php?rest_route=\/wp\/v2\/pages\/329","targetHints":{"allow":["GET"]}}],"collection":[{"href":"https:\/\/hausarztpraxis-bauschert.de\/cms\/index.php?rest_route=\/wp\/v2\/pages"}],"about":[{"href":"https:\/\/hausarztpraxis-bauschert.de\/cms\/index.php?rest_route=\/wp\/v2\/types\/page"}],"author":[{"embeddable":true,"href":"https:\/\/hausarztpraxis-bauschert.de\/cms\/index.php?rest_route=\/wp\/v2\/users\/2"}],"replies":[{"embeddable":true,"href":"https:\/\/hausarztpraxis-bauschert.de\/cms\/index.php?rest_route=%2Fwp%2Fv2%2Fcomments&post=329"}],"version-history":[{"count":31,"href":"https:\/\/hausarztpraxis-bauschert.de\/cms\/index.php?rest_route=\/wp\/v2\/pages\/329\/revisions"}],"predecessor-version":[{"id":836,"href":"https:\/\/hausarztpraxis-bauschert.de\/cms\/index.php?rest_route=\/wp\/v2\/pages\/329\/revisions\/836"}],"wp:attachment":[{"href":"https:\/\/hausarztpraxis-bauschert.de\/cms\/index.php?rest_route=%2Fwp%2Fv2%2Fmedia&parent=329"}],"curies":[{"name":"wp","href":"https:\/\/api.w.org\/{rel}","templated":true}]}}