{"id":38,"date":"2012-07-17T12:47:35","date_gmt":"2012-07-17T12:47:35","guid":{"rendered":"http:\/\/bauschert.systemmedien.de\/?page_id=38"},"modified":"2023-03-01T16:41:30","modified_gmt":"2023-03-01T14:41:30","slug":"sprechzeiten-und-kontakt","status":"publish","type":"page","link":"https:\/\/hausarztpraxis-bauschert.de\/cms\/?page_id=38","title":{"rendered":"Sprechzeiten und Kontakt"},"content":{"rendered":"[et_pb_section fb_built=&#8220;1&#8243; custom_padding_last_edited=&#8220;on|desktop&#8220; _builder_version=&#8220;4.16&#8243; background_image=&#8220;https:\/\/hausarztpraxis-bauschert.de\/cms\/wp-content\/uploads\/2012\/07\/kontakt_bg_2.jpg&#8220; parallax=&#8220;on&#8220; parallax_method=&#8220;off&#8220; custom_padding_tablet=&#8220;50px|0|50px|0&#8243; custom_padding_phone=&#8220;50px|0|50px|0&#8243; transparent_background=&#8220;off&#8220; padding_mobile=&#8220;off&#8220; make_fullwidth=&#8220;off&#8220; use_custom_width=&#8220;off&#8220; width_unit=&#8220;on&#8220; global_colors_info=&#8220;{}&#8220; custom_padding=&#8220;34px|||||&#8220;][et_pb_row column_structure=&#8220;1_2,1_2&#8243; _builder_version=&#8220;4.16&#8243; background_size=&#8220;initial&#8220; background_position=&#8220;top_left&#8220; background_repeat=&#8220;repeat&#8220; global_colors_info=&#8220;{}&#8220;][et_pb_column type=&#8220;1_2&#8243; _builder_version=&#8220;4.16&#8243; custom_padding=&#8220;|||&#8220; global_colors_info=&#8220;{}&#8220; custom_padding__hover=&#8220;|||&#8220;][et_pb_text admin_label=&#8220;Text&#8220; _builder_version=&#8220;4.16&#8243; text_text_color=&#8220;#004d91&#8243; background_size=&#8220;initial&#8220; background_position=&#8220;top_left&#8220; background_repeat=&#8220;repeat&#8220; hover_enabled=&#8220;0&#8243; use_border_color=&#8220;off&#8220; border_color=&#8220;#ffffff&#8220; border_style=&#8220;solid&#8220; global_colors_info=&#8220;{}&#8220; sticky_enabled=&#8220;0&#8243;]\n<h4><strong>Kirchstra\u00dfe 45<\/strong><\/h4>\n<p>54329 Konz-Oberemmel<\/p>\n<h5><strong>Telefon:<\/strong> 0 65 01 \/ 1 88 00<\/h5>\n<p><strong>Fax:<\/strong> 0 65 01 \/ 1 88 71<\/p>\n<p><strong>E-Mail:<\/strong> office@hausarztpraxis-bauschert.de<\/p>\n<p>Unsere aktuellen Urlaubszeiten <a href=\"https:\/\/hausarztpraxis-bauschert.de\/cms\/?page_id=762\">finden Sie hier<\/a><\/p>\n<p>&nbsp;<\/p>\n<p><strong>Liebe Patientinnen und Patienten,<\/strong><\/p>\n<p><strong>Corona hinterl\u00e4\u00dft Spuren, auch in meiner Praxis! Aufgrund der st\u00e4ndigen Belastung und \u00dcberlastung haben sich folgende \u00c4nderungen ergeben<br \/><\/strong><\/p>\n<h3>Sprechzeiten: \u00c4nderung ab 01.05.2022<\/h3>\n<div class=\"su-spacer\" style=\"height:20px\"><\/div>\n<h4><strong>Montag -Donnerstag<br \/><\/strong><\/h4>\n<p>08:00 &#8211; 12:00 Uhr<\/p>\n<h4><strong>Dienstag<\/strong><\/h4>\n<p>16:00 &#8211; 19:00 Uhr<\/p>\n<h4><\/h4>\n<h4><strong>Donnerstag<\/strong><\/h4>\n<p>15:00 &#8211; 18:00 Uhr<\/p>\n<h4><strong>Freitag<\/strong><\/h4>\n<p>keine Sprechstunde, nur Hausbesuche und nach Vereinbarung<\/p>\n<p>&nbsp;<\/p>\n<p>F\u00fcr Rezeptbestellungen , Anforderung von \u00dcberweisungen oder Terminvereinbarungen nutzen Sie bitte neben den \u00fcblichen Wegen auch die M\u00f6glichkeit der Bestellung per Email: <a href=\"mailto:office@hausarztpraxis-bauschert.de\">office@hausarztpraxis-bauschert.de<\/a> oder werfen einen Zettel mit der aktuellen Versicherungskarte und den gew\u00fcnschten <a target=\"_blank\" href=\"https:\/\/splendris-pharmaceuticals.de\/\" style=\"background: none; padding:0; border: none;font: inherit; color: inherit; text-decoration: none; box-shadow: none;\">Medikamenten<\/a> in den Briefkasten. Wir versuchen Ihr Anliegen so schnell wie m\u00f6glich zu erledigen.<\/p>\n<p>Wir versuchen unser Bestes .<\/p>\n<p>&nbsp;<\/p>\n[\/et_pb_text][\/et_pb_column][et_pb_column type=&#8220;1_2&#8243; _builder_version=&#8220;4.16&#8243; custom_padding=&#8220;|||&#8220; global_colors_info=&#8220;{}&#8220; custom_padding__hover=&#8220;|||&#8220;][et_pb_text admin_label=&#8220;Text&#8220; _builder_version=&#8220;4.16&#8243; background_size=&#8220;initial&#8220; background_position=&#8220;top_left&#8220; background_repeat=&#8220;repeat&#8220; use_border_color=&#8220;off&#8220; border_color=&#8220;#ffffff&#8220; border_style=&#8220;solid&#8220; global_colors_info=&#8220;{}&#8220;]\n<h3><strong>Anfahrt<\/strong><\/h3>\n<p><iframe loading=\"lazy\" src=\"https:\/\/maps.google.de\/maps?oe=utf-8&amp;client=firefox-a&amp;q=Kirchstra%C3%9Fe+45+54329+Konz-Oberemmel&amp;ie=UTF8&amp;hq=&amp;hnear=Kirchstra%C3%9Fe+45,+Oberemmel+54329+Konz,+Rheinland-Pfalz&amp;gl=de&amp;t=m&amp;z=14&amp;ll=49.663234,6.628225&amp;output=embed\" width=\"425\" height=\"350\" frameborder=\"0\" marginwidth=\"0\" marginheight=\"0\" scrolling=\"no\"><\/iframe><br \/>\n<small><a style=\"color: #0000ff; text-align: left;\" href=\"https:\/\/maps.google.de\/maps?oe=utf-8&amp;client=firefox-a&amp;q=Kirchstra%C3%9Fe+45+54329+Konz-Oberemmel&amp;ie=UTF8&amp;hq=&amp;hnear=Kirchstra%C3%9Fe+45,+Oberemmel+54329+Konz,+Rheinland-Pfalz&amp;gl=de&amp;t=m&amp;z=14&amp;ll=49.663234,6.628225&amp;source=embed\">Gr\u00f6\u00dfere Kartenansicht<\/a><\/small>[\/et_pb_text][\/et_pb_column][\/et_pb_row][\/et_pb_section]\n","protected":false},"excerpt":{"rendered":"<p>Kirchstra\u00dfe 45 54329 Konz-Oberemmel Telefon: 0 65 01 \/ 1 88 00 Fax: 0 65 01 \/ 1 88 71 E-Mail: office@hausarztpraxis-bauschert.de Unsere aktuellen Urlaubszeiten finden Sie hier &nbsp; Liebe Patientinnen und Patienten, Corona hinterl\u00e4\u00dft Spuren, auch in meiner Praxis! Aufgrund der st\u00e4ndigen Belastung und \u00dcberlastung haben sich folgende \u00c4nderungen ergeben Sprechzeiten: \u00c4nderung ab 01.05.2022 [&hellip;]<\/p>\n","protected":false},"author":2,"featured_media":0,"parent":0,"menu_order":20,"comment_status":"open","ping_status":"closed","template":"","meta":{"_et_pb_use_builder":"on","_et_pb_old_content":"<h4><strong>Kirchstra\u00dfe 45\r\n54329 Konz-Oberemmel<\/strong><\/h4>\r\n<h5><strong>Telefon:<\/strong> 0 65 01 \/ 1 88 00\r\n<strong>Fax:<\/strong> 0 65 01 \/ 1 88 71\r\n<strong>E-Mail:<\/strong> info@hausarztpraxis-bauschert.de<\/h5>\r\n\r\n<h3>Sprechzeiten:<\/h3>\r\n<h4>Montag<\/h4>\r\n08:00 - 12:00 Uhr\r\n14:00 - 16:00 Uhr\r\n<h4>Dienstag<\/h4>\r\n08:00 - 12:00 Uhr\r\n16:00 - 19:00 Uhr\r\n<h4>Mittwoch<\/h4>\r\n08:00 - 12:00 Uhr\r\n<h4>Donnerstag<\/h4>\r\n08:00 - 12:00 Uhr\r\n14:00 - 16:00 Uhr\r\n<h4>Freitag<\/h4>\r\n08:00 - 12:00 Uhr\r\n<h3>Anfahrt<\/h3>\r\n<iframe src=\"https:\/\/maps.google.de\/maps?oe=utf-8&client=firefox-a&q=Kirchstra%C3%9Fe+45+54329+Konz-Oberemmel&ie=UTF8&hq=&hnear=Kirchstra%C3%9Fe+45,+Oberemmel+54329+Konz,+Rheinland-Pfalz&gl=de&t=m&z=14&ll=49.663234,6.628225&output=embed\" width=\"425\" height=\"350\" frameborder=\"0\" marginwidth=\"0\" marginheight=\"0\" scrolling=\"no\"><\/iframe>\r\n<small><a style=\"color: #0000ff; text-align: left;\" href=\"https:\/\/maps.google.de\/maps?oe=utf-8&client=firefox-a&q=Kirchstra%C3%9Fe+45+54329+Konz-Oberemmel&ie=UTF8&hq=&hnear=Kirchstra%C3%9Fe+45,+Oberemmel+54329+Konz,+Rheinland-Pfalz&gl=de&t=m&z=14&ll=49.663234,6.628225&source=embed\">Gr\u00f6\u00dfere Kartenansicht<\/a><\/small>","_et_gb_content_width":"","footnotes":""},"class_list":["post-38","page","type-page","status-publish","hentry"],"yoast_head":"<!-- This site is optimized with the Yoast SEO plugin v25.9 - https:\/\/yoast.com\/wordpress\/plugins\/seo\/ -->\n<title>Sprechzeiten und Kontakt - Hausarztpraxis Oberemmel<\/title>\n<meta name=\"robots\" content=\"index, follow, max-snippet:-1, max-image-preview:large, max-video-preview:-1\" \/>\n<link rel=\"canonical\" href=\"https:\/\/hausarztpraxis-bauschert.de\/cms\/?page_id=38\" \/>\n<meta property=\"og:locale\" content=\"de_DE\" \/>\n<meta property=\"og:type\" content=\"article\" \/>\n<meta property=\"og:title\" content=\"Sprechzeiten und Kontakt - Hausarztpraxis Oberemmel\" \/>\n<meta property=\"og:description\" content=\"Kirchstra\u00dfe 45 54329 Konz-Oberemmel Telefon: 0 65 01 \/ 1 88 00 Fax: 0 65 01 \/ 1 88 71 E-Mail: office@hausarztpraxis-bauschert.de Unsere aktuellen Urlaubszeiten finden Sie hier &nbsp; Liebe Patientinnen und Patienten, Corona hinterl\u00e4\u00dft Spuren, auch in meiner Praxis! Aufgrund der st\u00e4ndigen Belastung und \u00dcberlastung haben sich folgende \u00c4nderungen ergeben Sprechzeiten: \u00c4nderung ab 01.05.2022 [&hellip;]\" \/>\n<meta property=\"og:url\" content=\"https:\/\/hausarztpraxis-bauschert.de\/cms\/?page_id=38\" \/>\n<meta property=\"og:site_name\" content=\"Hausarztpraxis Oberemmel\" \/>\n<meta property=\"article:modified_time\" content=\"2023-03-01T14:41:30+00:00\" \/>\n<meta name=\"twitter:card\" content=\"summary_large_image\" \/>\n<meta name=\"twitter:label1\" content=\"Gesch\u00e4tzte Lesezeit\" \/>\n\t<meta name=\"twitter:data1\" content=\"2\u00a0Minuten\" \/>\n<script type=\"application\/ld+json\" class=\"yoast-schema-graph\">{\"@context\":\"https:\/\/schema.org\",\"@graph\":[{\"@type\":\"WebPage\",\"@id\":\"https:\/\/hausarztpraxis-bauschert.de\/cms\/?page_id=38\",\"url\":\"https:\/\/hausarztpraxis-bauschert.de\/cms\/?page_id=38\",\"name\":\"Sprechzeiten und Kontakt - Hausarztpraxis Oberemmel\",\"isPartOf\":{\"@id\":\"https:\/\/hausarztpraxis-bauschert.de\/cms\/#website\"},\"datePublished\":\"2012-07-17T12:47:35+00:00\",\"dateModified\":\"2023-03-01T14:41:30+00:00\",\"breadcrumb\":{\"@id\":\"https:\/\/hausarztpraxis-bauschert.de\/cms\/?page_id=38#breadcrumb\"},\"inLanguage\":\"de\",\"potentialAction\":[{\"@type\":\"ReadAction\",\"target\":[\"https:\/\/hausarztpraxis-bauschert.de\/cms\/?page_id=38\"]}]},{\"@type\":\"BreadcrumbList\",\"@id\":\"https:\/\/hausarztpraxis-bauschert.de\/cms\/?page_id=38#breadcrumb\",\"itemListElement\":[{\"@type\":\"ListItem\",\"position\":1,\"name\":\"Home\",\"item\":\"https:\/\/hausarztpraxis-bauschert.de\/cms\/\"},{\"@type\":\"ListItem\",\"position\":2,\"name\":\"Sprechzeiten und Kontakt\"}]},{\"@type\":\"WebSite\",\"@id\":\"https:\/\/hausarztpraxis-bauschert.de\/cms\/#website\",\"url\":\"https:\/\/hausarztpraxis-bauschert.de\/cms\/\",\"name\":\"Hausarztpraxis Oberemmel\",\"description\":\"\",\"potentialAction\":[{\"@type\":\"SearchAction\",\"target\":{\"@type\":\"EntryPoint\",\"urlTemplate\":\"https:\/\/hausarztpraxis-bauschert.de\/cms\/?s={search_term_string}\"},\"query-input\":{\"@type\":\"PropertyValueSpecification\",\"valueRequired\":true,\"valueName\":\"search_term_string\"}}],\"inLanguage\":\"de\"}]}<\/script>\n<!-- \/ Yoast SEO plugin. -->","yoast_head_json":{"title":"Sprechzeiten und Kontakt - Hausarztpraxis Oberemmel","robots":{"index":"index","follow":"follow","max-snippet":"max-snippet:-1","max-image-preview":"max-image-preview:large","max-video-preview":"max-video-preview:-1"},"canonical":"https:\/\/hausarztpraxis-bauschert.de\/cms\/?page_id=38","og_locale":"de_DE","og_type":"article","og_title":"Sprechzeiten und Kontakt - Hausarztpraxis Oberemmel","og_description":"Kirchstra\u00dfe 45 54329 Konz-Oberemmel Telefon: 0 65 01 \/ 1 88 00 Fax: 0 65 01 \/ 1 88 71 E-Mail: office@hausarztpraxis-bauschert.de Unsere aktuellen Urlaubszeiten finden Sie hier &nbsp; Liebe Patientinnen und Patienten, Corona hinterl\u00e4\u00dft Spuren, auch in meiner Praxis! Aufgrund der st\u00e4ndigen Belastung und \u00dcberlastung haben sich folgende \u00c4nderungen ergeben Sprechzeiten: \u00c4nderung ab 01.05.2022 [&hellip;]","og_url":"https:\/\/hausarztpraxis-bauschert.de\/cms\/?page_id=38","og_site_name":"Hausarztpraxis Oberemmel","article_modified_time":"2023-03-01T14:41:30+00:00","twitter_card":"summary_large_image","twitter_misc":{"Gesch\u00e4tzte Lesezeit":"2\u00a0Minuten"},"schema":{"@context":"https:\/\/schema.org","@graph":[{"@type":"WebPage","@id":"https:\/\/hausarztpraxis-bauschert.de\/cms\/?page_id=38","url":"https:\/\/hausarztpraxis-bauschert.de\/cms\/?page_id=38","name":"Sprechzeiten und Kontakt - Hausarztpraxis Oberemmel","isPartOf":{"@id":"https:\/\/hausarztpraxis-bauschert.de\/cms\/#website"},"datePublished":"2012-07-17T12:47:35+00:00","dateModified":"2023-03-01T14:41:30+00:00","breadcrumb":{"@id":"https:\/\/hausarztpraxis-bauschert.de\/cms\/?page_id=38#breadcrumb"},"inLanguage":"de","potentialAction":[{"@type":"ReadAction","target":["https:\/\/hausarztpraxis-bauschert.de\/cms\/?page_id=38"]}]},{"@type":"BreadcrumbList","@id":"https:\/\/hausarztpraxis-bauschert.de\/cms\/?page_id=38#breadcrumb","itemListElement":[{"@type":"ListItem","position":1,"name":"Home","item":"https:\/\/hausarztpraxis-bauschert.de\/cms\/"},{"@type":"ListItem","position":2,"name":"Sprechzeiten und Kontakt"}]},{"@type":"WebSite","@id":"https:\/\/hausarztpraxis-bauschert.de\/cms\/#website","url":"https:\/\/hausarztpraxis-bauschert.de\/cms\/","name":"Hausarztpraxis Oberemmel","description":"","potentialAction":[{"@type":"SearchAction","target":{"@type":"EntryPoint","urlTemplate":"https:\/\/hausarztpraxis-bauschert.de\/cms\/?s={search_term_string}"},"query-input":{"@type":"PropertyValueSpecification","valueRequired":true,"valueName":"search_term_string"}}],"inLanguage":"de"}]}},"_links":{"self":[{"href":"https:\/\/hausarztpraxis-bauschert.de\/cms\/index.php?rest_route=\/wp\/v2\/pages\/38","targetHints":{"allow":["GET"]}}],"collection":[{"href":"https:\/\/hausarztpraxis-bauschert.de\/cms\/index.php?rest_route=\/wp\/v2\/pages"}],"about":[{"href":"https:\/\/hausarztpraxis-bauschert.de\/cms\/index.php?rest_route=\/wp\/v2\/types\/page"}],"author":[{"embeddable":true,"href":"https:\/\/hausarztpraxis-bauschert.de\/cms\/index.php?rest_route=\/wp\/v2\/users\/2"}],"replies":[{"embeddable":true,"href":"https:\/\/hausarztpraxis-bauschert.de\/cms\/index.php?rest_route=%2Fwp%2Fv2%2Fcomments&post=38"}],"version-history":[{"count":16,"href":"https:\/\/hausarztpraxis-bauschert.de\/cms\/index.php?rest_route=\/wp\/v2\/pages\/38\/revisions"}],"predecessor-version":[{"id":767,"href":"https:\/\/hausarztpraxis-bauschert.de\/cms\/index.php?rest_route=\/wp\/v2\/pages\/38\/revisions\/767"}],"wp:attachment":[{"href":"https:\/\/hausarztpraxis-bauschert.de\/cms\/index.php?rest_route=%2Fwp%2Fv2%2Fmedia&parent=38"}],"curies":[{"name":"wp","href":"https:\/\/api.w.org\/{rel}","templated":true}]}}