{"id":444,"date":"2015-06-29T13:19:56","date_gmt":"2015-06-29T11:19:56","guid":{"rendered":"http:\/\/hausarztpraxis-bauschert.de\/cms\/?page_id=444"},"modified":"2023-03-01T17:02:21","modified_gmt":"2023-03-01T15:02:21","slug":"datenschutz","status":"publish","type":"page","link":"https:\/\/hausarztpraxis-bauschert.de\/cms\/?page_id=444","title":{"rendered":"Datenschutz"},"content":{"rendered":"[et_pb_section fb_built=&#8220;1&#8243; _builder_version=&#8220;4.16&#8243; global_colors_info=&#8220;{}&#8220;][et_pb_row _builder_version=&#8220;4.16&#8243; background_size=&#8220;initial&#8220; background_position=&#8220;top_left&#8220; background_repeat=&#8220;repeat&#8220; global_colors_info=&#8220;{}&#8220; column_structure=&#8220;2_3,1_3&#8243;][et_pb_column type=&#8220;2_3&#8243; _builder_version=&#8220;4.16&#8243; custom_padding=&#8220;|||&#8220; global_colors_info=&#8220;{}&#8220; custom_padding__hover=&#8220;|||&#8220;][et_pb_text admin_label=&#8220;Text&#8220; _builder_version=&#8220;4.16&#8243; background_size=&#8220;initial&#8220; background_position=&#8220;top_left&#8220; background_repeat=&#8220;repeat&#8220; use_border_color=&#8220;off&#8220; border_color=&#8220;#ffffff&#8220; border_style=&#8220;solid&#8220; global_colors_info=&#8220;{}&#8220; custom_padding=&#8220;||13px|||&#8220;]\n<div id=\"input-data\">\n<div id=\"preambel\">\n<h2>Informationen \u00fcber die Erhebung personenbezogener Daten auf unserer Homepage \/ Datenschutzerkl\u00e4rung<\/h2>\n<p class=\"disclaimer\">\n<p>Sehr geehrte Besucherin, sehr geehrter Besucher unserer Homepage,<br \/>wir m\u00f6chten Sie dar\u00fcber informieren, dass beim Besuch unserer Homepage personenbezogene Daten erhoben werden. Personenbezogen sind Daten, die auf Sie pers\u00f6nlich beziehbar sind (z. B. Name, E-Mail, Nutzerverhalten).<\/p>\n<p>Verantwortlich f\u00fcr die Erhebung und Speicherung der Daten in unserer Praxis ist:<\/p>\n<p id=\"userData\">Hausarztpraxis Oberemmel<br \/>Arno Bauschert<br \/>Kirchstrasse 45<br \/>54329 Konz Oberemmel<br \/>06501 18800<br \/>06501 18871<br \/>info@hausarztpraxis-bauschert.de<\/p>\n<p>Unsere Homepage dient ausschlie\u00dflich der Bereitstellung von Informationen \u00fcber unsere Praxis, unser Behandlungsspektrum und therapeutische und diagnostischen M\u00f6glichkeiten bei verschiedenen Erkrankungen. Beim Besuch unserer Homepage werden nur die Daten erhoben, die von Ihrem Browser an unseren Server \u00fcbermittelt werden.<br \/>Diese Daten sind notwendig, damit Sie unsere Homepage angezeigt bekommen und auf ihr navigieren k\u00f6nnen. Rechtsgrundlage f\u00fcr die Erhebung der Daten ist Art. 6 Abs. 1 f) EU-Datenschutz-Grundverordnung. Im Einzelnen werden folgende Daten bei Ihrem Besuch unserer Homepage erhoben:<\/p>\n<ul>\n<li>IP-Adresse<\/li>\n<li>Art des Browsers, sowie dessen Sprache und Version<\/li>\n<li>Betriebssystem<\/li>\n<li>Zugriffstatus\/http-Statuscode<\/li>\n<li>Datum und Uhrzeit der Anfrage, sowie die Zeitzone<\/li>\n<li>Inhalt der Anforderung und Homepage, von der sie kommt<\/li>\n<li>\u00dcbertragene Datenmenge<\/li>\n<\/ul>\n<p>Die L\u00f6schung dieser Daten erfolgt, wenn diese nicht mehr erforderlich sind. Ferner steht Ihnen ein Beschwerderecht beim f\u00fcr Sie zust\u00e4ndigen Landesbeauftragten f\u00fcr Datenschutz und Informationssicherheit des Bundeslandes <span id=\"userFederalState\">Rheinland-Pfalz<\/span> zu.<\/p>\n<h2>Ihre Rechte hinsichtlich der bei uns \u00fcber Sie gespeicherten Daten<\/h2>\n<p>Sie haben uns gegen\u00fcber folgende Rechte:<\/p>\n<ul>\n<li>Recht auf Berichtigung und L\u00f6schung<\/li>\n<li>Recht auf Daten\u00fcbertragbarkeit<\/li>\n<li>Recht auf Einschr\u00e4nkung der Verarbeitung<\/li>\n<li>Recht auf Auskunft<\/li>\n<li>Recht auf Widerspruch gegen die Verarbeitung<\/li>\n<\/ul>\n<p>Sie erhalten jederzeit unentgeltlich Auskunft \u00fcber die von uns gespeicherten personenbezogenen Daten zu Ihrer Person sowie zur Herkunft, dem Empf\u00e4nger und dem Zweck von Datenerhebung sowie Datenverarbeitung. Au\u00dferdem haben Sie das Recht, die Berichtigung, die Sperrung oder L\u00f6schung Ihrer Daten zu verlangen. Ausgenommen davon sind Daten, die aufgrund gesetzlicher Vorschriften aufbewahrt werden m\u00fcssen, wie z.B. im Rahmen unser kassen\u00e4rztlichen T\u00e4tigkeit im Rahmen des SGB V. Damit eine Datensperre jederzeit realisiert werden kann, werden Daten zu Kontrollzwecken in einer internen Sperrdatei vorgehalten. Werden Daten nicht von einer gesetzlichen Archivierungspflicht erfasst, l\u00f6schen wir Ihre Daten auf Ihren Wunsch. Greift die Archivierungspflicht, sperren wir Ihre Daten. F\u00fcr alle Fragen und Anliegen zur Berichtigung, Sperrung oder L\u00f6schung von personenbezogenen Daten wenden Sie sich bitte an die oben genannten Kontaktpersonen unter den Kontaktdaten in dieser Datenschutzerkl\u00e4rung.<\/p>\n<div id=\"input-user\"><\/div>\n<div id=\"input-dsb\"><\/div>\n<\/div>\n<\/div>\n<div id=\"results\">\n<div class=\"feature feature-active\" data-index=\"1\">\n<h3>Cookies<\/h3>\n<p>Zus\u00e4tzlich zu diesen Daten nutzen wir \u00fcber unsere Homepage auch Cookies. Dies sind kleine Textdateien, die nach Besuch unserer Homepage auf Ihrem Rechner (in Ihrem Browser) gespeichert werden. Sollten Sie unsere Homepage danach erneut besuchen, so sendet der von Ihnen genutzte Browser die in dem Cookie gespeicherten Informationen an unsere Homepage und kann ihnen so bspw. die Navigation erleichtern, weil Voreinstellungen \u00fcbernommen werden. Cookies sind keine Viren und k\u00f6nnen auch keine Schadsoftware oder Spionageprogramme auf dem Computer installieren. Sie sind kurze Texte, die zwischen Webserver und Browser ausgetauscht werden. Auf unserer Homepage werden folgende Arten von Cookies verwendet:<\/p>\n<h4>Transiente Cookies (tempor\u00e4re Cookies)<\/h4>\n<p>Diese Cookies werden nur f\u00fcr den Zeitraum der Nutzung Ihres Browsers gespeichert. Diese speichern eine sogenannte Session-ID, mit welcher sich verschiedene Anfragen Ihres Browsers der gemeinsamen Sitzung zuordnen lassen. Dadurch kann Ihr Rechner wiedererkannt werden, wenn Sie auf die Homepage zur\u00fcckkehren. Sobald Sie den Browser schlie\u00dfen, werden auch diese Cookies automatisch gel\u00f6scht.<\/p>\n<h4>Persistente Cookies (zeitlich beschr\u00e4nkte Cookies)<\/h4>\n<p>Diese Cookies unterscheiden sich von den Transienten Cookies lediglich dadurch, dass sie beim Schlie\u00dfen des Browsers nicht automatisch gel\u00f6scht werden, sondern erst nach einer voreingestellten Zeit. Sie k\u00f6nnen diese Cookies jedoch jederzeit \u00fcber die Einstellungen ihres Browsers l\u00f6schen.<br \/>Sie k\u00f6nnen unsere Homepage auch ohne den Einsatz von Cookies nutzen, wodurch m\u00f6glicherweise einige Darstellungen und Funktionen unseres Angebots nur eingeschr\u00e4nkt arbeiten. Wenn Sie die Cookies deaktivieren m\u00f6chten, k\u00f6nnen Sie das \u00fcber spezielle Einstellungen Ihres Browsers erreichen. Nutzen Sie dazu am besten die Hilfefunktion Ihres Browsers, um die entsprechenden \u00c4nderungen vorzunehmen. Online-Anzeigen-Cookies k\u00f6nnen Sie generell \u00fcber folgende Links anzeigen lassen und verwalten:<\/p>\n<\/div>\n<div class=\"feature feature-active\" data-index=\"2\">\n<h3>Kontaktformular \/ E-Mail-Kontakt<\/h3>\n<p>Wenn Sie uns per Kontaktformular auf unserer Homepage Terminw\u00fcnsche oder Anfragen zukommen lassen, werden die von Ihnen mitgeteilten Daten (E-Mail-Adresse, Name, Telefonnummer) gespeichert, um Ihre Fragen beantworten zu k\u00f6nnen. Diese Daten werden gel\u00f6scht, sobald sie nicht mehr ben\u00f6tigt werden und keine gesetzlichen Aufbewahrungspflichten bestehen. Dritten werden diese Daten nicht zug\u00e4nglich gemacht. Bitte beachten Sie, dass wir Ihre Daten aus dem Kontaktformular per E-Mail in der Praxis erhalten. Die \u00dcbermittlung erfolgt verschl\u00fcsselt. EDV-Experten pflegen oft an den Grundsatz zu erinnern, dass Sie das, was Sie nicht als Postkarte versenden w\u00fcrden, auch nicht per E-Mail versenden sollten. Senden Sie uns daher bitte keinen vertraulichen Angaben \/ Daten per E-Mail oder \u00fcber das Kontaktformular der Homepage, sondern w\u00e4hlen Sie daf\u00fcr besser den Postweg oder das Telefon. Bitte haben Sie Verst\u00e4ndnis daf\u00fcr, dass wir f\u00fcr unverlangt zugesendete Daten \/ E-Mails jede Haftung ablehnen.<\/p>\n<\/div>\n<div class=\"feature feature-active\" data-index=\"3\">\n<h3>Erhebung von Zugriffsdaten \/ Server Logfiles<\/h3>\n<p>Die Auslieferung und Darstellung der Inhalte \u00fcber unsere Homepage erfordert technisch die Erfassung bestimmter Daten. Mit Ihrem Zugriff auf unsere Homepage werden diese sogenannten Server-Logfiles durch uns oder den Provider des Webspace erfasst. Die entsprechenden Informationen bestehen aus dem Namen der Homepage, der Datei, dem aktuellen Datum, der Datenmenge, dem Webbrowser und seiner Version, dem eingesetzten Betriebssystem, dem Domain-Namen Ihres Internet-Providers, der Referrer-URL als jene Seite, von der Sie auf unsere Seite gewechselt sind, sowie der entsprechenden IP-Adresse. Diese Logfiles erlauben keinen R\u00fcckschluss auf Sie und Ihre Person. Wir nutzen diese Daten zur Darstellung und Auslieferung unserer Inhalte sowie zu statistischen Zwecken. Die Informationen unterst\u00fctzen die Bereitstellung und st\u00e4ndige Verbesserung unseres Angebots. Auch behalten wir uns vor, die erw\u00e4hnten Daten nachtr\u00e4glich zu pr\u00fcfen, sollte der Verdacht auf eine rechtswidrige Nutzung unseres Angebotes bestehen.<\/p>\n<\/div>\n<div class=\"feature feature-active\" data-index=\"8\">\n<h3>Google Analytics<\/h3>\n<p>Wir nutzen auf unserer Homepage Google Analytics. Google Analytics ist ein Webanalysedienst der Google Inc.. Google verwendet Cookies. Die mittels Cookies erzeugten Informationen \u00fcber die Nutzung der Homepage werden in der Regel an einen Server von Google in den USA \u00fcbertragen und dort gespeichert. Google nutzt diese Informationen in unserem Auftrag, um die Nutzung unseres Onlineangebotes auszuwerten und um weitere mit der Nutzung dieses Onlineangebotes und der Internetnutzung verbundene Dienstleistungen uns gegen\u00fcber zu erbringen. Wir haben Google Analytics um den Code \u201eanonymizeIP\u201c erweitert. Das bedeutet, dass die IP-Adresse der Nutzer von Google innerhalb von Mitgliedstaaten der Europ\u00e4ischen Union oder in anderen Vertragsstaaten des Abkommens \u00fcber den Europ\u00e4ischen Wirtschaftsraum gek\u00fcrzt wird. In Ausnahmef\u00e4llen wird die volle IP-Adresse an einen Server von Google in den USA \u00fcbertragen und dort gek\u00fcrzt. Durch die Code Erweiterung \u201eanonymizeIp\u201c werden die letzten 8bit der IP-Adresse der Nutzer gekappt. Durch den Einsatz dieses Codes ist nur noch eine grobe Lokalisierung der Nutzer m\u00f6glich. Die von dem Browser des Nutzers \u00fcbermittelte IP-Adresse wird nicht mit anderen Daten von Google zusammengef\u00fchrt. Die Speicherung der Cookies k\u00f6nnen Sie durch eine entsprechende Einstellung ihrer Browser-Software verhindern. Eventuell k\u00f6nnen dann nicht s\u00e4mtliche Funktionen der Homepage vollumf\u00e4nglich genutzt werden.<br \/>Au\u00dferdem k\u00f6nnen Sie die Erfassung der durch das Cookie erzeugten und auf Ihre Nutzung des Onlineangebotes bezogenen Daten an Google sowie die Verarbeitung dieser Daten durch Google verhindern, indem Sie das unter dem folgenden Link verf\u00fcgbare Browser-Plug-In herunterladen und installieren:<br \/><a href=\"http:\/\/tools.google.com\/dlpage\/gaoptout?hl=de\" target=\"_blank\" rel=\"noopener\">http:\/\/tools.google.com\/dlpage\/gaoptout?hl=de<\/a> .<br \/>M\u00f6glich ist auch das Setzen eines Opt-Out-Cookie, das die zuk\u00fcnftige Erfassung Ihrer Daten beim Besuch unserer Homepage verhindert. Hinweise zur Einbindung eines Opt-Out-Cookies finden Sie unter:<br \/><a href=\"http:\/\/developers.google.com\/analytics\/devguides\/collection\/gajs\/?hl=de#disable\" target=\"_blank\" rel=\"noopener\">http:\/\/developers.google.com\/analytics\/devguides\/collection\/gajs\/?hl=de#disable<\/a> .<br \/>Weitere Informationen zur Datennutzung durch Google, Einstellungen und Widerspruchsm\u00f6glichkeiten erhalten Sie auf den Webseiten von Google (\u201eDatennutzung durch Google bei Ihrer Nutzung von Homepages oder Apps unserer Partner\u201c):<br \/><a href=\"https:\/\/www.google.com\/intl\/de\/policies\/privacy\/partners\/\" target=\"_blank\" rel=\"noopener\">https:\/\/www.google.com\/intl\/de\/policies\/privacy\/partners\/<\/a> .<br \/>Die Datenschutzerkl\u00e4rung und Nutzungsbedingungen von Google finden Sie unter:<br \/><a href=\"http:\/\/www.google.com\/policies\/technologies\/ads\" target=\"_blank\" rel=\"noopener\">http:\/\/www.google.com\/policies\/technologies\/ads<\/a> (\u201eWerbung\u201c).<br \/>Erfahren Sie mehr zu den Datenschutzbedingungen von Google und Google Analytics unter:<br \/><a href=\"http:\/\/www.google.com\/analytics\/terms\/de.html\" target=\"_blank\" rel=\"noopener\">http:\/\/www.google.com\/analytics\/terms\/de.html<\/a> oder unter <a href=\"https:\/\/www.google.de\/intl\/de\/policies\/\" target=\"_blank\" rel=\"noopener\">https:\/\/www.google.de\/intl\/de\/policies\/<\/a> .<\/p>\n<\/div>\n<div class=\"feature feature-active\" data-index=\"10\">\n<h3>Google Maps-Plug-In<\/h3>\n<p>Unsere Homepage benutzt Google Maps zur Darstellung von Karten und zur Erstellung von Anfahrtspl\u00e4nen. Google Maps wird von Google Inc., 1600 Amphitheatre Parkway, Mountain View, CA 94043, USA betrieben. Durch den Besuch auf der Homepage erh\u00e4lt Google Informationen dar\u00fcber, dass Sie die entsprechende Seite unseres Webauftrittes aufgerufen haben. Dies erfolgt auch unabh\u00e4ngig davon, ob Sie ein Nutzerkonto bei Google haben oder \u00fcber dieses eingeloggt sind. F\u00fcr den Fall, dass Sie w\u00e4hrend der Nutzung der Homepage \u00fcber ein Nutzerkonto von Google eingeloggt sind, werden die Daten direkt Ihrem Benutzerkonto zugeordnet. Wenn Sie dies nicht w\u00fcnschen, so m\u00fcssen Sie sich vor Nutzung unserer Homepage bei Google ausloggen.<\/p>\n<\/div>\n<\/div>\n<p class=\"disclaimer\">\n[\/et_pb_text][\/et_pb_column][et_pb_column type=&#8220;1_3&#8243; _builder_version=&#8220;4.16&#8243; custom_padding=&#8220;|||&#8220; global_colors_info=&#8220;{}&#8220; custom_padding__hover=&#8220;|||&#8220;][\/et_pb_column][\/et_pb_row][\/et_pb_section]\n","protected":false},"excerpt":{"rendered":"<p>Informationen \u00fcber die Erhebung personenbezogener Daten auf unserer Homepage \/ Datenschutzerkl\u00e4rung Sehr geehrte Besucherin, sehr geehrter Besucher unserer Homepage,wir m\u00f6chten Sie dar\u00fcber informieren, dass beim Besuch unserer Homepage personenbezogene Daten erhoben werden. Personenbezogen sind Daten, die auf Sie pers\u00f6nlich beziehbar sind (z. B. Name, E-Mail, Nutzerverhalten). Verantwortlich f\u00fcr die Erhebung und Speicherung der Daten in [&hellip;]<\/p>\n","protected":false},"author":2,"featured_media":0,"parent":2,"menu_order":0,"comment_status":"open","ping_status":"closed","template":"","meta":{"_et_pb_use_builder":"on","_et_pb_old_content":"","_et_gb_content_width":"","footnotes":""},"class_list":["post-444","page","type-page","status-publish","hentry"],"yoast_head":"<!-- This site is optimized with the Yoast SEO plugin v25.9 - https:\/\/yoast.com\/wordpress\/plugins\/seo\/ -->\n<title>Datenschutz - Hausarztpraxis Oberemmel<\/title>\n<meta name=\"robots\" content=\"index, follow, max-snippet:-1, max-image-preview:large, max-video-preview:-1\" \/>\n<link rel=\"canonical\" href=\"https:\/\/hausarztpraxis-bauschert.de\/cms\/?page_id=444\" \/>\n<meta property=\"og:locale\" content=\"de_DE\" \/>\n<meta property=\"og:type\" content=\"article\" \/>\n<meta property=\"og:title\" content=\"Datenschutz - Hausarztpraxis Oberemmel\" \/>\n<meta property=\"og:description\" content=\"Informationen \u00fcber die Erhebung personenbezogener Daten auf unserer Homepage \/ Datenschutzerkl\u00e4rung Sehr geehrte Besucherin, sehr geehrter Besucher unserer Homepage,wir m\u00f6chten Sie dar\u00fcber informieren, dass beim Besuch unserer Homepage personenbezogene Daten erhoben werden. Personenbezogen sind Daten, die auf Sie pers\u00f6nlich beziehbar sind (z. B. Name, E-Mail, Nutzerverhalten). Verantwortlich f\u00fcr die Erhebung und Speicherung der Daten in [&hellip;]\" \/>\n<meta property=\"og:url\" content=\"https:\/\/hausarztpraxis-bauschert.de\/cms\/?page_id=444\" \/>\n<meta property=\"og:site_name\" content=\"Hausarztpraxis Oberemmel\" \/>\n<meta property=\"article:modified_time\" content=\"2023-03-01T15:02:21+00:00\" \/>\n<meta name=\"twitter:card\" content=\"summary_large_image\" \/>\n<meta name=\"twitter:label1\" content=\"Gesch\u00e4tzte Lesezeit\" \/>\n\t<meta name=\"twitter:data1\" content=\"8\u00a0Minuten\" \/>\n<script type=\"application\/ld+json\" class=\"yoast-schema-graph\">{\"@context\":\"https:\/\/schema.org\",\"@graph\":[{\"@type\":\"WebPage\",\"@id\":\"https:\/\/hausarztpraxis-bauschert.de\/cms\/?page_id=444\",\"url\":\"https:\/\/hausarztpraxis-bauschert.de\/cms\/?page_id=444\",\"name\":\"Datenschutz - Hausarztpraxis Oberemmel\",\"isPartOf\":{\"@id\":\"https:\/\/hausarztpraxis-bauschert.de\/cms\/#website\"},\"datePublished\":\"2015-06-29T11:19:56+00:00\",\"dateModified\":\"2023-03-01T15:02:21+00:00\",\"breadcrumb\":{\"@id\":\"https:\/\/hausarztpraxis-bauschert.de\/cms\/?page_id=444#breadcrumb\"},\"inLanguage\":\"de\",\"potentialAction\":[{\"@type\":\"ReadAction\",\"target\":[\"https:\/\/hausarztpraxis-bauschert.de\/cms\/?page_id=444\"]}]},{\"@type\":\"BreadcrumbList\",\"@id\":\"https:\/\/hausarztpraxis-bauschert.de\/cms\/?page_id=444#breadcrumb\",\"itemListElement\":[{\"@type\":\"ListItem\",\"position\":1,\"name\":\"Home\",\"item\":\"https:\/\/hausarztpraxis-bauschert.de\/cms\/\"},{\"@type\":\"ListItem\",\"position\":2,\"name\":\"Praxis\",\"item\":\"https:\/\/hausarztpraxis-bauschert.de\/cms\/?page_id=2\"},{\"@type\":\"ListItem\",\"position\":3,\"name\":\"Datenschutz\"}]},{\"@type\":\"WebSite\",\"@id\":\"https:\/\/hausarztpraxis-bauschert.de\/cms\/#website\",\"url\":\"https:\/\/hausarztpraxis-bauschert.de\/cms\/\",\"name\":\"Hausarztpraxis Oberemmel\",\"description\":\"\",\"potentialAction\":[{\"@type\":\"SearchAction\",\"target\":{\"@type\":\"EntryPoint\",\"urlTemplate\":\"https:\/\/hausarztpraxis-bauschert.de\/cms\/?s={search_term_string}\"},\"query-input\":{\"@type\":\"PropertyValueSpecification\",\"valueRequired\":true,\"valueName\":\"search_term_string\"}}],\"inLanguage\":\"de\"}]}<\/script>\n<!-- \/ Yoast SEO plugin. -->","yoast_head_json":{"title":"Datenschutz - Hausarztpraxis Oberemmel","robots":{"index":"index","follow":"follow","max-snippet":"max-snippet:-1","max-image-preview":"max-image-preview:large","max-video-preview":"max-video-preview:-1"},"canonical":"https:\/\/hausarztpraxis-bauschert.de\/cms\/?page_id=444","og_locale":"de_DE","og_type":"article","og_title":"Datenschutz - Hausarztpraxis Oberemmel","og_description":"Informationen \u00fcber die Erhebung personenbezogener Daten auf unserer Homepage \/ Datenschutzerkl\u00e4rung Sehr geehrte Besucherin, sehr geehrter Besucher unserer Homepage,wir m\u00f6chten Sie dar\u00fcber informieren, dass beim Besuch unserer Homepage personenbezogene Daten erhoben werden. Personenbezogen sind Daten, die auf Sie pers\u00f6nlich beziehbar sind (z. B. Name, E-Mail, Nutzerverhalten). Verantwortlich f\u00fcr die Erhebung und Speicherung der Daten in [&hellip;]","og_url":"https:\/\/hausarztpraxis-bauschert.de\/cms\/?page_id=444","og_site_name":"Hausarztpraxis Oberemmel","article_modified_time":"2023-03-01T15:02:21+00:00","twitter_card":"summary_large_image","twitter_misc":{"Gesch\u00e4tzte Lesezeit":"8\u00a0Minuten"},"schema":{"@context":"https:\/\/schema.org","@graph":[{"@type":"WebPage","@id":"https:\/\/hausarztpraxis-bauschert.de\/cms\/?page_id=444","url":"https:\/\/hausarztpraxis-bauschert.de\/cms\/?page_id=444","name":"Datenschutz - Hausarztpraxis Oberemmel","isPartOf":{"@id":"https:\/\/hausarztpraxis-bauschert.de\/cms\/#website"},"datePublished":"2015-06-29T11:19:56+00:00","dateModified":"2023-03-01T15:02:21+00:00","breadcrumb":{"@id":"https:\/\/hausarztpraxis-bauschert.de\/cms\/?page_id=444#breadcrumb"},"inLanguage":"de","potentialAction":[{"@type":"ReadAction","target":["https:\/\/hausarztpraxis-bauschert.de\/cms\/?page_id=444"]}]},{"@type":"BreadcrumbList","@id":"https:\/\/hausarztpraxis-bauschert.de\/cms\/?page_id=444#breadcrumb","itemListElement":[{"@type":"ListItem","position":1,"name":"Home","item":"https:\/\/hausarztpraxis-bauschert.de\/cms\/"},{"@type":"ListItem","position":2,"name":"Praxis","item":"https:\/\/hausarztpraxis-bauschert.de\/cms\/?page_id=2"},{"@type":"ListItem","position":3,"name":"Datenschutz"}]},{"@type":"WebSite","@id":"https:\/\/hausarztpraxis-bauschert.de\/cms\/#website","url":"https:\/\/hausarztpraxis-bauschert.de\/cms\/","name":"Hausarztpraxis Oberemmel","description":"","potentialAction":[{"@type":"SearchAction","target":{"@type":"EntryPoint","urlTemplate":"https:\/\/hausarztpraxis-bauschert.de\/cms\/?s={search_term_string}"},"query-input":{"@type":"PropertyValueSpecification","valueRequired":true,"valueName":"search_term_string"}}],"inLanguage":"de"}]}},"_links":{"self":[{"href":"https:\/\/hausarztpraxis-bauschert.de\/cms\/index.php?rest_route=\/wp\/v2\/pages\/444","targetHints":{"allow":["GET"]}}],"collection":[{"href":"https:\/\/hausarztpraxis-bauschert.de\/cms\/index.php?rest_route=\/wp\/v2\/pages"}],"about":[{"href":"https:\/\/hausarztpraxis-bauschert.de\/cms\/index.php?rest_route=\/wp\/v2\/types\/page"}],"author":[{"embeddable":true,"href":"https:\/\/hausarztpraxis-bauschert.de\/cms\/index.php?rest_route=\/wp\/v2\/users\/2"}],"replies":[{"embeddable":true,"href":"https:\/\/hausarztpraxis-bauschert.de\/cms\/index.php?rest_route=%2Fwp%2Fv2%2Fcomments&post=444"}],"version-history":[{"count":5,"href":"https:\/\/hausarztpraxis-bauschert.de\/cms\/index.php?rest_route=\/wp\/v2\/pages\/444\/revisions"}],"predecessor-version":[{"id":774,"href":"https:\/\/hausarztpraxis-bauschert.de\/cms\/index.php?rest_route=\/wp\/v2\/pages\/444\/revisions\/774"}],"up":[{"embeddable":true,"href":"https:\/\/hausarztpraxis-bauschert.de\/cms\/index.php?rest_route=\/wp\/v2\/pages\/2"}],"wp:attachment":[{"href":"https:\/\/hausarztpraxis-bauschert.de\/cms\/index.php?rest_route=%2Fwp%2Fv2%2Fmedia&parent=444"}],"curies":[{"name":"wp","href":"https:\/\/api.w.org\/{rel}","templated":true}]}}