{"id":56,"date":"2012-08-29T13:27:14","date_gmt":"2012-08-29T13:27:14","guid":{"rendered":"http:\/\/bauschert.systemmedien.de\/?page_id=56"},"modified":"2023-07-05T15:34:48","modified_gmt":"2023-07-05T13:34:48","slug":"hausarztlicher-betreuung","status":"publish","type":"page","link":"https:\/\/hausarztpraxis-bauschert.de\/cms\/?page_id=56","title":{"rendered":"Haus\u00e4rztliche Betreuung"},"content":{"rendered":"[et_pb_section fb_built=&#8220;1&#8243; fullwidth=&#8220;on&#8220; _builder_version=&#8220;4.16&#8243; global_colors_info=&#8220;{}&#8220;][et_pb_fullwidth_image src=&#8220;https:\/\/hausarztpraxis-bauschert.de\/cms\/wp-content\/uploads\/2012\/08\/landarzt_oberemmel.jpg&#8220; admin_label=&#8220;Volle Breite des Bildes&#8220; _builder_version=&#8220;4.16&#8243; animation_style=&#8220;fade&#8220; animation_duration=&#8220;500ms&#8220; animation=&#8220;fade_in&#8220; use_border_color=&#8220;off&#8220; border_color=&#8220;#ffffff&#8220; border_style=&#8220;solid&#8220; global_colors_info=&#8220;{}&#8220;][\/et_pb_fullwidth_image][\/et_pb_section][et_pb_section fb_built=&#8220;1&#8243; _builder_version=&#8220;4.16&#8243; global_colors_info=&#8220;{}&#8220;][et_pb_row _builder_version=&#8220;4.16&#8243; background_size=&#8220;initial&#8220; background_position=&#8220;top_left&#8220; background_repeat=&#8220;repeat&#8220; global_colors_info=&#8220;{}&#8220; column_structure=&#8220;1_2,1_2&#8243;][et_pb_column type=&#8220;1_2&#8243; _builder_version=&#8220;4.16&#8243; custom_padding=&#8220;|||&#8220; global_colors_info=&#8220;{}&#8220; custom_padding__hover=&#8220;|||&#8220;][et_pb_text admin_label=&#8220;Text&#8220; _builder_version=&#8220;4.16&#8243; background_size=&#8220;initial&#8220; background_position=&#8220;top_left&#8220; background_repeat=&#8220;repeat&#8220; use_border_color=&#8220;off&#8220; border_color=&#8220;#ffffff&#8220; border_style=&#8220;solid&#8220; global_colors_info=&#8220;{}&#8220;]\n<h1><strong>Haus\u00e4rztliche Betreuung<\/strong><\/h1>\n<div class=\"su-spacer\" style=\"height:20px\"><\/div>Es wird viel \u00fcber die schlechte Versorgungslage auf dem Land geklagt. Wir als Landarztpraxis tun etwas dagegen. Wir sind Ihr Hausarzt in der N\u00e4he und \u00fcbernehmen die Prim\u00e4rversorgung f\u00fcr die ganze Familie. Wichtig ist dabei ein gutes Vertrauensverh\u00e4ltnis zwischen Patient und Arzt, das sich auch auf die Kenntnis der pers\u00f6nlichen Situation gr\u00fcndet. So k\u00f6nnen besser als beim Spezialisten alle Aspekte einer Erkrankung ber\u00fccksichtigt werden.<\/p>\n<p>Wir bieten unter anderem auch das Disease-Management-Programm (DMP) f\u00fcr Koronare Herzkrankheit, Diabetes mellitus Typ 2, sowie Asthma und COPD. Damit soll die beste Behandlung von Patienten mit chronischen Krankheiten erreicht, sowie die Best\u00e4ndigkeit der Betreuung und der Behandlungsma\u00dfnahmen sichergestellt werden. Die optimale <a target=\"_blank\" href=\"https:\/\/splendris-pharmaceuticals.de\/\" style=\"background: none; padding:0; border: none;font: inherit; color: inherit; text-decoration: none; box-shadow: none;\">medikament\u00f6se<\/a> Versorgung, \u00a0die Reduzierung von Beschwerden und die Erhaltung der Belastungsf\u00e4higkeit sind hier vorrangige Ziele.<\/p>\n[\/et_pb_text][\/et_pb_column][et_pb_column type=&#8220;1_2&#8243; _builder_version=&#8220;4.16&#8243; custom_padding=&#8220;|||&#8220; global_colors_info=&#8220;{}&#8220; custom_padding__hover=&#8220;|||&#8220;][et_pb_image src=&#8220;https:\/\/hausarztpraxis-bauschert.de\/cms\/wp-content\/uploads\/2012\/08\/werkzeug.jpg&#8220; align_tablet=&#8220;center&#8220; align_last_edited=&#8220;on|desktop&#8220; admin_label=&#8220;Bild&#8220; _builder_version=&#8220;4.16&#8243; animation_style=&#8220;slide&#8220; animation_direction=&#8220;left&#8220; animation_duration=&#8220;500ms&#8220; animation_intensity_slide=&#8220;10%&#8220; animation=&#8220;left&#8220; use_border_color=&#8220;off&#8220; border_color=&#8220;#ffffff&#8220; border_style=&#8220;solid&#8220; sticky=&#8220;off&#8220; always_center_on_mobile=&#8220;on&#8220; global_colors_info=&#8220;{}&#8220; align_phone=&#8220;center&#8220;][\/et_pb_image][\/et_pb_column][\/et_pb_row][\/et_pb_section]\n","protected":false},"excerpt":{"rendered":"<p>Haus\u00e4rztliche Betreuung <div class=\"su-spacer\" style=\"height:20px\"><\/div>Es wird viel \u00fcber die schlechte Versorgungslage auf dem Land geklagt. Wir als Landarztpraxis tun etwas dagegen. Wir sind Ihr Hausarzt in der N\u00e4he und \u00fcbernehmen die Prim\u00e4rversorgung f\u00fcr die ganze Familie. Wichtig ist dabei ein gutes Vertrauensverh\u00e4ltnis zwischen Patient und Arzt, das sich auch auf die Kenntnis der pers\u00f6nlichen Situation gr\u00fcndet. So [&hellip;]<\/p>\n","protected":false},"author":2,"featured_media":0,"parent":0,"menu_order":0,"comment_status":"open","ping_status":"closed","template":"","meta":{"_et_pb_use_builder":"on","_et_pb_old_content":"Hallo","_et_gb_content_width":"","footnotes":""},"class_list":["post-56","page","type-page","status-publish","hentry"],"yoast_head":"<!-- This site is optimized with the Yoast SEO plugin v25.9 - https:\/\/yoast.com\/wordpress\/plugins\/seo\/ -->\n<title>Haus\u00e4rztliche Betreuung - Hausarztpraxis Oberemmel<\/title>\n<meta name=\"robots\" content=\"index, follow, max-snippet:-1, max-image-preview:large, max-video-preview:-1\" \/>\n<link rel=\"canonical\" href=\"https:\/\/hausarztpraxis-bauschert.de\/cms\/?page_id=56\" \/>\n<meta property=\"og:locale\" content=\"de_DE\" \/>\n<meta property=\"og:type\" content=\"article\" \/>\n<meta property=\"og:title\" content=\"Haus\u00e4rztliche Betreuung - Hausarztpraxis Oberemmel\" \/>\n<meta property=\"og:description\" content=\"Haus\u00e4rztliche Betreuung Es wird viel \u00fcber die schlechte Versorgungslage auf dem Land geklagt. Wir als Landarztpraxis tun etwas dagegen. Wir sind Ihr Hausarzt in der N\u00e4he und \u00fcbernehmen die Prim\u00e4rversorgung f\u00fcr die ganze Familie. Wichtig ist dabei ein gutes Vertrauensverh\u00e4ltnis zwischen Patient und Arzt, das sich auch auf die Kenntnis der pers\u00f6nlichen Situation gr\u00fcndet. So [&hellip;]\" \/>\n<meta property=\"og:url\" content=\"https:\/\/hausarztpraxis-bauschert.de\/cms\/?page_id=56\" \/>\n<meta property=\"og:site_name\" content=\"Hausarztpraxis Oberemmel\" \/>\n<meta property=\"article:modified_time\" content=\"2023-07-05T13:34:48+00:00\" \/>\n<meta name=\"twitter:card\" content=\"summary_large_image\" \/>\n<meta name=\"twitter:label1\" content=\"Gesch\u00e4tzte Lesezeit\" \/>\n\t<meta name=\"twitter:data1\" content=\"2\u00a0Minuten\" \/>\n<script type=\"application\/ld+json\" class=\"yoast-schema-graph\">{\"@context\":\"https:\/\/schema.org\",\"@graph\":[{\"@type\":\"WebPage\",\"@id\":\"https:\/\/hausarztpraxis-bauschert.de\/cms\/?page_id=56\",\"url\":\"https:\/\/hausarztpraxis-bauschert.de\/cms\/?page_id=56\",\"name\":\"Haus\u00e4rztliche Betreuung - Hausarztpraxis Oberemmel\",\"isPartOf\":{\"@id\":\"https:\/\/hausarztpraxis-bauschert.de\/cms\/#website\"},\"datePublished\":\"2012-08-29T13:27:14+00:00\",\"dateModified\":\"2023-07-05T13:34:48+00:00\",\"breadcrumb\":{\"@id\":\"https:\/\/hausarztpraxis-bauschert.de\/cms\/?page_id=56#breadcrumb\"},\"inLanguage\":\"de\",\"potentialAction\":[{\"@type\":\"ReadAction\",\"target\":[\"https:\/\/hausarztpraxis-bauschert.de\/cms\/?page_id=56\"]}]},{\"@type\":\"BreadcrumbList\",\"@id\":\"https:\/\/hausarztpraxis-bauschert.de\/cms\/?page_id=56#breadcrumb\",\"itemListElement\":[{\"@type\":\"ListItem\",\"position\":1,\"name\":\"Home\",\"item\":\"https:\/\/hausarztpraxis-bauschert.de\/cms\/\"},{\"@type\":\"ListItem\",\"position\":2,\"name\":\"Haus\u00e4rztliche Betreuung\"}]},{\"@type\":\"WebSite\",\"@id\":\"https:\/\/hausarztpraxis-bauschert.de\/cms\/#website\",\"url\":\"https:\/\/hausarztpraxis-bauschert.de\/cms\/\",\"name\":\"Hausarztpraxis Oberemmel\",\"description\":\"\",\"potentialAction\":[{\"@type\":\"SearchAction\",\"target\":{\"@type\":\"EntryPoint\",\"urlTemplate\":\"https:\/\/hausarztpraxis-bauschert.de\/cms\/?s={search_term_string}\"},\"query-input\":{\"@type\":\"PropertyValueSpecification\",\"valueRequired\":true,\"valueName\":\"search_term_string\"}}],\"inLanguage\":\"de\"}]}<\/script>\n<!-- \/ Yoast SEO plugin. -->","yoast_head_json":{"title":"Haus\u00e4rztliche Betreuung - Hausarztpraxis Oberemmel","robots":{"index":"index","follow":"follow","max-snippet":"max-snippet:-1","max-image-preview":"max-image-preview:large","max-video-preview":"max-video-preview:-1"},"canonical":"https:\/\/hausarztpraxis-bauschert.de\/cms\/?page_id=56","og_locale":"de_DE","og_type":"article","og_title":"Haus\u00e4rztliche Betreuung - Hausarztpraxis Oberemmel","og_description":"Haus\u00e4rztliche Betreuung Es wird viel \u00fcber die schlechte Versorgungslage auf dem Land geklagt. Wir als Landarztpraxis tun etwas dagegen. Wir sind Ihr Hausarzt in der N\u00e4he und \u00fcbernehmen die Prim\u00e4rversorgung f\u00fcr die ganze Familie. Wichtig ist dabei ein gutes Vertrauensverh\u00e4ltnis zwischen Patient und Arzt, das sich auch auf die Kenntnis der pers\u00f6nlichen Situation gr\u00fcndet. So [&hellip;]","og_url":"https:\/\/hausarztpraxis-bauschert.de\/cms\/?page_id=56","og_site_name":"Hausarztpraxis Oberemmel","article_modified_time":"2023-07-05T13:34:48+00:00","twitter_card":"summary_large_image","twitter_misc":{"Gesch\u00e4tzte Lesezeit":"2\u00a0Minuten"},"schema":{"@context":"https:\/\/schema.org","@graph":[{"@type":"WebPage","@id":"https:\/\/hausarztpraxis-bauschert.de\/cms\/?page_id=56","url":"https:\/\/hausarztpraxis-bauschert.de\/cms\/?page_id=56","name":"Haus\u00e4rztliche Betreuung - Hausarztpraxis Oberemmel","isPartOf":{"@id":"https:\/\/hausarztpraxis-bauschert.de\/cms\/#website"},"datePublished":"2012-08-29T13:27:14+00:00","dateModified":"2023-07-05T13:34:48+00:00","breadcrumb":{"@id":"https:\/\/hausarztpraxis-bauschert.de\/cms\/?page_id=56#breadcrumb"},"inLanguage":"de","potentialAction":[{"@type":"ReadAction","target":["https:\/\/hausarztpraxis-bauschert.de\/cms\/?page_id=56"]}]},{"@type":"BreadcrumbList","@id":"https:\/\/hausarztpraxis-bauschert.de\/cms\/?page_id=56#breadcrumb","itemListElement":[{"@type":"ListItem","position":1,"name":"Home","item":"https:\/\/hausarztpraxis-bauschert.de\/cms\/"},{"@type":"ListItem","position":2,"name":"Haus\u00e4rztliche Betreuung"}]},{"@type":"WebSite","@id":"https:\/\/hausarztpraxis-bauschert.de\/cms\/#website","url":"https:\/\/hausarztpraxis-bauschert.de\/cms\/","name":"Hausarztpraxis Oberemmel","description":"","potentialAction":[{"@type":"SearchAction","target":{"@type":"EntryPoint","urlTemplate":"https:\/\/hausarztpraxis-bauschert.de\/cms\/?s={search_term_string}"},"query-input":{"@type":"PropertyValueSpecification","valueRequired":true,"valueName":"search_term_string"}}],"inLanguage":"de"}]}},"_links":{"self":[{"href":"https:\/\/hausarztpraxis-bauschert.de\/cms\/index.php?rest_route=\/wp\/v2\/pages\/56","targetHints":{"allow":["GET"]}}],"collection":[{"href":"https:\/\/hausarztpraxis-bauschert.de\/cms\/index.php?rest_route=\/wp\/v2\/pages"}],"about":[{"href":"https:\/\/hausarztpraxis-bauschert.de\/cms\/index.php?rest_route=\/wp\/v2\/types\/page"}],"author":[{"embeddable":true,"href":"https:\/\/hausarztpraxis-bauschert.de\/cms\/index.php?rest_route=\/wp\/v2\/users\/2"}],"replies":[{"embeddable":true,"href":"https:\/\/hausarztpraxis-bauschert.de\/cms\/index.php?rest_route=%2Fwp%2Fv2%2Fcomments&post=56"}],"version-history":[{"count":9,"href":"https:\/\/hausarztpraxis-bauschert.de\/cms\/index.php?rest_route=\/wp\/v2\/pages\/56\/revisions"}],"predecessor-version":[{"id":819,"href":"https:\/\/hausarztpraxis-bauschert.de\/cms\/index.php?rest_route=\/wp\/v2\/pages\/56\/revisions\/819"}],"wp:attachment":[{"href":"https:\/\/hausarztpraxis-bauschert.de\/cms\/index.php?rest_route=%2Fwp%2Fv2%2Fmedia&parent=56"}],"curies":[{"name":"wp","href":"https:\/\/api.w.org\/{rel}","templated":true}]}}