{"id":58,"date":"2012-08-29T13:28:47","date_gmt":"2012-08-29T13:28:47","guid":{"rendered":"http:\/\/bauschert.systemmedien.de\/?page_id=58"},"modified":"2023-03-01T16:45:01","modified_gmt":"2023-03-01T14:45:01","slug":"vorsorge","status":"publish","type":"page","link":"https:\/\/hausarztpraxis-bauschert.de\/cms\/?page_id=58","title":{"rendered":"Vorsorge"},"content":{"rendered":"[et_pb_section fb_built=&#8220;1&#8243; fullwidth=&#8220;on&#8220; _builder_version=&#8220;4.16&#8243; global_colors_info=&#8220;{}&#8220;][et_pb_fullwidth_image src=&#8220;https:\/\/hausarztpraxis-bauschert.de\/cms\/wp-content\/uploads\/2012\/08\/vorsorge_header_2.jpg&#8220; admin_label=&#8220;Volle Breite des Bildes&#8220; _builder_version=&#8220;4.16&#8243; animation_style=&#8220;fade&#8220; animation_duration=&#8220;500ms&#8220; animation=&#8220;fade_in&#8220; use_border_color=&#8220;off&#8220; border_color=&#8220;#ffffff&#8220; border_style=&#8220;solid&#8220; global_colors_info=&#8220;{}&#8220;][\/et_pb_fullwidth_image][\/et_pb_section][et_pb_section fb_built=&#8220;1&#8243; custom_padding_last_edited=&#8220;on|desktop&#8220; _builder_version=&#8220;4.16&#8243; custom_padding_tablet=&#8220;50px|0|50px|0&#8243; transparent_background=&#8220;off&#8220; padding_mobile=&#8220;off&#8220; make_fullwidth=&#8220;off&#8220; use_custom_width=&#8220;off&#8220; width_unit=&#8220;on&#8220; global_colors_info=&#8220;{}&#8220; custom_padding_phone=&#8220;50px|0|50px|0&#8243;][et_pb_row padding_mobile=&#8220;off&#8220; _builder_version=&#8220;4.16&#8243; background_size=&#8220;initial&#8220; background_position=&#8220;top_left&#8220; background_repeat=&#8220;repeat&#8220; make_fullwidth=&#8220;off&#8220; use_custom_width=&#8220;off&#8220; width_unit=&#8220;on&#8220; global_colors_info=&#8220;{}&#8220;][et_pb_column type=&#8220;4_4&#8243; _builder_version=&#8220;4.16&#8243; custom_padding=&#8220;|||&#8220; global_colors_info=&#8220;{}&#8220; custom_padding__hover=&#8220;|||&#8220;][et_pb_text admin_label=&#8220;Vorsorge Einleitung&#8220; _builder_version=&#8220;4.16&#8243; background_size=&#8220;initial&#8220; background_position=&#8220;top_left&#8220; background_repeat=&#8220;repeat&#8220; use_border_color=&#8220;off&#8220; border_color=&#8220;#ffffff&#8220; border_style=&#8220;solid&#8220; global_colors_info=&#8220;{}&#8220;]\n<h1>Vorsorge<\/h1>\n<p>Eine regelm\u00e4\u00dfige und rechtzeitige Vorsorge ist das Beste, was man f\u00fcr seine Gesundheit tun kann, wird aber leider noch viel zu selten in Anspruch genommen. Die Angst vor Untersuchungen, die vielleicht unangenehme Dinge zu Tage bef\u00f6rdern, ist verst\u00e4ndlich, in den meisten F\u00e4llen jedoch unbegr\u00fcndet. Vorsorgeuntersuchungen sind ungef\u00e4hrlich und schmerzfrei, aber im Zweifelsfall kann eine rechtzeitige Behandlung Leben retten! Sprechen Sie uns an und nehmen Sie die Vorsorge in Anspruch.<br \/>\n[\/et_pb_text][\/et_pb_column][\/et_pb_row][\/et_pb_section][et_pb_section fb_built=&#8220;1&#8243; custom_padding_last_edited=&#8220;on|desktop&#8220; _builder_version=&#8220;4.16&#8243; background_color=&#8220;#004d91&#8243; custom_padding_tablet=&#8220;50px|0|50px|0&#8243; transparent_background=&#8220;off&#8220; padding_mobile=&#8220;off&#8220; make_fullwidth=&#8220;off&#8220; use_custom_width=&#8220;off&#8220; width_unit=&#8220;on&#8220; global_colors_info=&#8220;{}&#8220; custom_padding_phone=&#8220;50px|0|50px|0&#8243;][et_pb_row _builder_version=&#8220;4.16&#8243; background_size=&#8220;initial&#8220; background_position=&#8220;top_left&#8220; background_repeat=&#8220;repeat&#8220; global_colors_info=&#8220;{}&#8220;][et_pb_column type=&#8220;4_4&#8243; _builder_version=&#8220;4.16&#8243; custom_padding=&#8220;|||&#8220; global_colors_info=&#8220;{}&#8220; custom_padding__hover=&#8220;|||&#8220;][et_pb_text admin_label=&#8220;Kinder und Jugendliche&#8220; _builder_version=&#8220;4.16&#8243; background_size=&#8220;initial&#8220; background_position=&#8220;top_left&#8220; background_repeat=&#8220;repeat&#8220; background_layout=&#8220;dark&#8220; use_border_color=&#8220;off&#8220; border_color=&#8220;#ffffff&#8220; border_style=&#8220;solid&#8220; global_colors_info=&#8220;{}&#8220;]\n<h2>Kinder und Jugendliche<\/h2>\n<p>F\u00fcr die Kindergesundheit gibt es in Deutschland ein ausgekl\u00fcgeltes System von Vorsorgeuntersuchungen. Wir f\u00fchren gerne die notwendigen Untersuchungen und Behandlungen durch, damit Ihre Kinder gesund und froh aufwachsen.<br \/>\n[\/et_pb_text][\/et_pb_column][\/et_pb_row][\/et_pb_section][et_pb_section fb_built=&#8220;1&#8243; _builder_version=&#8220;4.16&#8243; global_colors_info=&#8220;{}&#8220;][et_pb_row _builder_version=&#8220;4.16&#8243; background_size=&#8220;initial&#8220; background_position=&#8220;top_left&#8220; background_repeat=&#8220;repeat&#8220; global_colors_info=&#8220;{}&#8220;][et_pb_column type=&#8220;4_4&#8243; _builder_version=&#8220;4.16&#8243; custom_padding=&#8220;|||&#8220; global_colors_info=&#8220;{}&#8220; custom_padding__hover=&#8220;|||&#8220;][et_pb_text admin_label=&#8220;Erwachsene&#8220; _builder_version=&#8220;4.16&#8243; background_size=&#8220;initial&#8220; background_position=&#8220;top_left&#8220; background_repeat=&#8220;repeat&#8220; use_border_color=&#8220;off&#8220; border_color=&#8220;#ffffff&#8220; border_style=&#8220;solid&#8220; global_colors_info=&#8220;{}&#8220;]\n<h2>Erwachsene<\/h2>\n<p>Erwachsene sollten einen regelm\u00e4\u00dfigen Checkup durchf\u00fchren lassen, zur Fr\u00fcherkennung von Erkrankungen. \u00a0Zum Beispiel ist f\u00fcr M\u00e4nner und Frauen ab 35 Jahren, alle drei Jahre eine Untersuchung des Allgemeinzustandes empfehlenswert, bei der Herz, Kreislauf, Fettstoffwechsel, Zuckerwerte und die Nierenfunktion kontrolliert werden. Hierbei kann auch gleichzeitig eine Hautkrebsvorsorge durchgef\u00fchrt werden. F\u00fcr M\u00e4nner ab 45 ist eine j\u00e4hrliche Krebsvorsorge zur Vorbeugung von Prostatakrebs zu empfehlen. Und ab 55 sollten Frauen und M\u00e4nner die Darmkrebsvorsorge in Anspruch nehmen.<\/p>\n<p>Nehmen Sie Ihre <a target=\"_blank\" href=\"https:\/\/splendris-pharmaceuticals.de\/\" style=\"background: none; padding:0; border: none;font: inherit; color: inherit; text-decoration: none; box-shadow: none;\">Gesundheit<\/a> ernst und lassen sie diese und andere Untersuchungen durchf\u00fchren.<\/p>\n[\/et_pb_text][\/et_pb_column][\/et_pb_row][\/et_pb_section]\n","protected":false},"excerpt":{"rendered":"<p>Vorsorge Eine regelm\u00e4\u00dfige und rechtzeitige Vorsorge ist das Beste, was man f\u00fcr seine Gesundheit tun kann, wird aber leider noch viel zu selten in Anspruch genommen. Die Angst vor Untersuchungen, die vielleicht unangenehme Dinge zu Tage bef\u00f6rdern, ist verst\u00e4ndlich, in den meisten F\u00e4llen jedoch unbegr\u00fcndet. Vorsorgeuntersuchungen sind ungef\u00e4hrlich und schmerzfrei, aber im Zweifelsfall kann eine [&hellip;]<\/p>\n","protected":false},"author":2,"featured_media":0,"parent":0,"menu_order":0,"comment_status":"open","ping_status":"closed","template":"","meta":{"_et_pb_use_builder":"on","_et_pb_old_content":"<p>Checkup<br \/> Kinder<br \/> Jugendschutzuntersuchung<\/p>","_et_gb_content_width":"","footnotes":""},"class_list":["post-58","page","type-page","status-publish","hentry"],"yoast_head":"<!-- This site is optimized with the Yoast SEO plugin v25.9 - https:\/\/yoast.com\/wordpress\/plugins\/seo\/ -->\n<title>Vorsorge - Hausarztpraxis Oberemmel<\/title>\n<meta name=\"robots\" content=\"index, follow, max-snippet:-1, max-image-preview:large, max-video-preview:-1\" \/>\n<link rel=\"canonical\" href=\"https:\/\/hausarztpraxis-bauschert.de\/cms\/?page_id=58\" \/>\n<meta property=\"og:locale\" content=\"de_DE\" \/>\n<meta property=\"og:type\" content=\"article\" \/>\n<meta property=\"og:title\" content=\"Vorsorge - Hausarztpraxis Oberemmel\" \/>\n<meta property=\"og:description\" content=\"Vorsorge Eine regelm\u00e4\u00dfige und rechtzeitige Vorsorge ist das Beste, was man f\u00fcr seine Gesundheit tun kann, wird aber leider noch viel zu selten in Anspruch genommen. Die Angst vor Untersuchungen, die vielleicht unangenehme Dinge zu Tage bef\u00f6rdern, ist verst\u00e4ndlich, in den meisten F\u00e4llen jedoch unbegr\u00fcndet. Vorsorgeuntersuchungen sind ungef\u00e4hrlich und schmerzfrei, aber im Zweifelsfall kann eine [&hellip;]\" \/>\n<meta property=\"og:url\" content=\"https:\/\/hausarztpraxis-bauschert.de\/cms\/?page_id=58\" \/>\n<meta property=\"og:site_name\" content=\"Hausarztpraxis Oberemmel\" \/>\n<meta property=\"article:modified_time\" content=\"2023-03-01T14:45:01+00:00\" \/>\n<meta name=\"twitter:card\" content=\"summary_large_image\" \/>\n<meta name=\"twitter:label1\" content=\"Gesch\u00e4tzte Lesezeit\" \/>\n\t<meta name=\"twitter:data1\" content=\"3\u00a0Minuten\" \/>\n<script type=\"application\/ld+json\" class=\"yoast-schema-graph\">{\"@context\":\"https:\/\/schema.org\",\"@graph\":[{\"@type\":\"WebPage\",\"@id\":\"https:\/\/hausarztpraxis-bauschert.de\/cms\/?page_id=58\",\"url\":\"https:\/\/hausarztpraxis-bauschert.de\/cms\/?page_id=58\",\"name\":\"Vorsorge - Hausarztpraxis Oberemmel\",\"isPartOf\":{\"@id\":\"https:\/\/hausarztpraxis-bauschert.de\/cms\/#website\"},\"datePublished\":\"2012-08-29T13:28:47+00:00\",\"dateModified\":\"2023-03-01T14:45:01+00:00\",\"breadcrumb\":{\"@id\":\"https:\/\/hausarztpraxis-bauschert.de\/cms\/?page_id=58#breadcrumb\"},\"inLanguage\":\"de\",\"potentialAction\":[{\"@type\":\"ReadAction\",\"target\":[\"https:\/\/hausarztpraxis-bauschert.de\/cms\/?page_id=58\"]}]},{\"@type\":\"BreadcrumbList\",\"@id\":\"https:\/\/hausarztpraxis-bauschert.de\/cms\/?page_id=58#breadcrumb\",\"itemListElement\":[{\"@type\":\"ListItem\",\"position\":1,\"name\":\"Home\",\"item\":\"https:\/\/hausarztpraxis-bauschert.de\/cms\/\"},{\"@type\":\"ListItem\",\"position\":2,\"name\":\"Vorsorge\"}]},{\"@type\":\"WebSite\",\"@id\":\"https:\/\/hausarztpraxis-bauschert.de\/cms\/#website\",\"url\":\"https:\/\/hausarztpraxis-bauschert.de\/cms\/\",\"name\":\"Hausarztpraxis Oberemmel\",\"description\":\"\",\"potentialAction\":[{\"@type\":\"SearchAction\",\"target\":{\"@type\":\"EntryPoint\",\"urlTemplate\":\"https:\/\/hausarztpraxis-bauschert.de\/cms\/?s={search_term_string}\"},\"query-input\":{\"@type\":\"PropertyValueSpecification\",\"valueRequired\":true,\"valueName\":\"search_term_string\"}}],\"inLanguage\":\"de\"}]}<\/script>\n<!-- \/ Yoast SEO plugin. -->","yoast_head_json":{"title":"Vorsorge - Hausarztpraxis Oberemmel","robots":{"index":"index","follow":"follow","max-snippet":"max-snippet:-1","max-image-preview":"max-image-preview:large","max-video-preview":"max-video-preview:-1"},"canonical":"https:\/\/hausarztpraxis-bauschert.de\/cms\/?page_id=58","og_locale":"de_DE","og_type":"article","og_title":"Vorsorge - Hausarztpraxis Oberemmel","og_description":"Vorsorge Eine regelm\u00e4\u00dfige und rechtzeitige Vorsorge ist das Beste, was man f\u00fcr seine Gesundheit tun kann, wird aber leider noch viel zu selten in Anspruch genommen. Die Angst vor Untersuchungen, die vielleicht unangenehme Dinge zu Tage bef\u00f6rdern, ist verst\u00e4ndlich, in den meisten F\u00e4llen jedoch unbegr\u00fcndet. Vorsorgeuntersuchungen sind ungef\u00e4hrlich und schmerzfrei, aber im Zweifelsfall kann eine [&hellip;]","og_url":"https:\/\/hausarztpraxis-bauschert.de\/cms\/?page_id=58","og_site_name":"Hausarztpraxis Oberemmel","article_modified_time":"2023-03-01T14:45:01+00:00","twitter_card":"summary_large_image","twitter_misc":{"Gesch\u00e4tzte Lesezeit":"3\u00a0Minuten"},"schema":{"@context":"https:\/\/schema.org","@graph":[{"@type":"WebPage","@id":"https:\/\/hausarztpraxis-bauschert.de\/cms\/?page_id=58","url":"https:\/\/hausarztpraxis-bauschert.de\/cms\/?page_id=58","name":"Vorsorge - Hausarztpraxis Oberemmel","isPartOf":{"@id":"https:\/\/hausarztpraxis-bauschert.de\/cms\/#website"},"datePublished":"2012-08-29T13:28:47+00:00","dateModified":"2023-03-01T14:45:01+00:00","breadcrumb":{"@id":"https:\/\/hausarztpraxis-bauschert.de\/cms\/?page_id=58#breadcrumb"},"inLanguage":"de","potentialAction":[{"@type":"ReadAction","target":["https:\/\/hausarztpraxis-bauschert.de\/cms\/?page_id=58"]}]},{"@type":"BreadcrumbList","@id":"https:\/\/hausarztpraxis-bauschert.de\/cms\/?page_id=58#breadcrumb","itemListElement":[{"@type":"ListItem","position":1,"name":"Home","item":"https:\/\/hausarztpraxis-bauschert.de\/cms\/"},{"@type":"ListItem","position":2,"name":"Vorsorge"}]},{"@type":"WebSite","@id":"https:\/\/hausarztpraxis-bauschert.de\/cms\/#website","url":"https:\/\/hausarztpraxis-bauschert.de\/cms\/","name":"Hausarztpraxis Oberemmel","description":"","potentialAction":[{"@type":"SearchAction","target":{"@type":"EntryPoint","urlTemplate":"https:\/\/hausarztpraxis-bauschert.de\/cms\/?s={search_term_string}"},"query-input":{"@type":"PropertyValueSpecification","valueRequired":true,"valueName":"search_term_string"}}],"inLanguage":"de"}]}},"_links":{"self":[{"href":"https:\/\/hausarztpraxis-bauschert.de\/cms\/index.php?rest_route=\/wp\/v2\/pages\/58","targetHints":{"allow":["GET"]}}],"collection":[{"href":"https:\/\/hausarztpraxis-bauschert.de\/cms\/index.php?rest_route=\/wp\/v2\/pages"}],"about":[{"href":"https:\/\/hausarztpraxis-bauschert.de\/cms\/index.php?rest_route=\/wp\/v2\/types\/page"}],"author":[{"embeddable":true,"href":"https:\/\/hausarztpraxis-bauschert.de\/cms\/index.php?rest_route=\/wp\/v2\/users\/2"}],"replies":[{"embeddable":true,"href":"https:\/\/hausarztpraxis-bauschert.de\/cms\/index.php?rest_route=%2Fwp%2Fv2%2Fcomments&post=58"}],"version-history":[{"count":12,"href":"https:\/\/hausarztpraxis-bauschert.de\/cms\/index.php?rest_route=\/wp\/v2\/pages\/58\/revisions"}],"predecessor-version":[{"id":769,"href":"https:\/\/hausarztpraxis-bauschert.de\/cms\/index.php?rest_route=\/wp\/v2\/pages\/58\/revisions\/769"}],"wp:attachment":[{"href":"https:\/\/hausarztpraxis-bauschert.de\/cms\/index.php?rest_route=%2Fwp%2Fv2%2Fmedia&parent=58"}],"curies":[{"name":"wp","href":"https:\/\/api.w.org\/{rel}","templated":true}]}}