{"id":60,"date":"2012-08-29T13:29:53","date_gmt":"2012-08-29T13:29:53","guid":{"rendered":"http:\/\/bauschert.systemmedien.de\/?page_id=60"},"modified":"2015-06-23T16:28:47","modified_gmt":"2015-06-23T14:28:47","slug":"reisen-und-sport","status":"publish","type":"page","link":"https:\/\/hausarztpraxis-bauschert.de\/cms\/?page_id=60","title":{"rendered":"Reisen und Sport"},"content":{"rendered":"[et_pb_section fullwidth=&#8220;on&#8220; specialty=&#8220;off&#8220;][et_pb_fullwidth_image admin_label=&#8220;Volle Breite des Bildes&#8220; src=&#8220;https:\/\/hausarztpraxis-bauschert.de\/cms\/wp-content\/uploads\/2012\/08\/reisemedizin.jpg&#8220; show_in_lightbox=&#8220;off&#8220; url_new_window=&#8220;off&#8220; animation=&#8220;fade_in&#8220; use_border_color=&#8220;off&#8220; border_color=&#8220;#ffffff&#8220; border_style=&#8220;solid&#8220; \/][\/et_pb_section][et_pb_section fullwidth=&#8220;off&#8220; specialty=&#8220;off&#8220;][et_pb_row][et_pb_column type=&#8220;4_4&#8243;][et_pb_text admin_label=&#8220;Reisen und Sport&#8220; background_layout=&#8220;light&#8220; text_orientation=&#8220;left&#8220; use_border_color=&#8220;off&#8220; border_color=&#8220;#ffffff&#8220; border_style=&#8220;solid&#8220;]\n<h1><strong>Reisen und Sport<\/strong><\/h1>\n[\/et_pb_text][\/et_pb_column][\/et_pb_row][\/et_pb_section][et_pb_section fullwidth=&#8220;off&#8220; specialty=&#8220;off&#8220; transparent_background=&#8220;off&#8220; background_color=&#8220;#004d91&#8243; allow_player_pause=&#8220;off&#8220; inner_shadow=&#8220;off&#8220; parallax=&#8220;off&#8220; parallax_method=&#8220;off&#8220; padding_mobile=&#8220;off&#8220; make_fullwidth=&#8220;off&#8220; use_custom_width=&#8220;off&#8220; width_unit=&#8220;on&#8220; make_equal=&#8220;off&#8220; use_custom_gutter=&#8220;off&#8220;][et_pb_row][et_pb_column type=&#8220;1_2&#8243;][et_pb_image admin_label=&#8220;Bild&#8220; src=&#8220;https:\/\/hausarztpraxis-bauschert.de\/cms\/wp-content\/uploads\/2012\/08\/544047_591273804231452_1569145339_n.jpg&#8220; show_in_lightbox=&#8220;off&#8220; url_new_window=&#8220;off&#8220; animation=&#8220;left&#8220; sticky=&#8220;off&#8220; align=&#8220;left&#8220; force_fullwidth=&#8220;off&#8220; always_center_on_mobile=&#8220;on&#8220; use_border_color=&#8220;off&#8220; border_color=&#8220;#ffffff&#8220; border_style=&#8220;solid&#8220; \/][\/et_pb_column][et_pb_column type=&#8220;1_2&#8243;][et_pb_text admin_label=&#8220;Reisemedizin&#8220; background_layout=&#8220;dark&#8220; text_orientation=&#8220;left&#8220; use_border_color=&#8220;off&#8220; border_color=&#8220;#ffffff&#8220; border_style=&#8220;solid&#8220;]\n<h2>Reisemedizin (CRM)<\/h2>\n<p>In ferne L\u00e4nder zu reisen war noch nie so leicht und bezahlbar wie heute. Eine Reise ist schnell gebucht, doch f\u00fcr den Gesundheitsschutz sollte immer noch Zeit sein. Wir beraten Sie, welche Impfungen f\u00fcr Ihr Reiseziel ratsam sind und sprechen mit Ihnen \u00fcber das richtige Verhalten am Reiseziel. Damit sie bei guter <a target=\"_blank\" href=\"https:\/\/splendris-pharmaceuticals.de\/\" style=\"background: none; padding:0; border: none;font: inherit; color: inherit; text-decoration: none; box-shadow: none;\">Gesundheit<\/a> Ihre Reise genie\u00dfen k\u00f6nnen.[\/et_pb_text][\/et_pb_column][\/et_pb_row][\/et_pb_section][et_pb_section fullwidth=&#8220;off&#8220; specialty=&#8220;off&#8220;][et_pb_row][et_pb_column type=&#8220;1_2&#8243;][et_pb_text admin_label=&#8220;Sportmedizin&#8220; background_layout=&#8220;light&#8220; text_orientation=&#8220;left&#8220; use_border_color=&#8220;off&#8220; border_color=&#8220;#ffffff&#8220; border_style=&#8220;solid&#8220;]\n<h2>Sportmedizin<\/h2>\n<p>Sportliche Bet\u00e4tigung ist wichtig und ein wichtiger Baustein der Gesundheitsvorsorge. Doch nicht jede Sportart ist f\u00fcr jeden die richtige. Wir untersuchen ihren Allgemeinzustand und beraten sie bei Ihren sportlichen Ambitionen. Auch wenn sie einen k\u00f6rperlich beanspruchenden Beruf ergreifen wollen, f\u00fchren wir gerne Tauglichkeitsuntersuchungen durch.[\/et_pb_text][\/et_pb_column][et_pb_column type=&#8220;1_2&#8243;][et_pb_image admin_label=&#8220;Bild&#8220; src=&#8220;https:\/\/hausarztpraxis-bauschert.de\/cms\/wp-content\/uploads\/2012\/08\/Smiling-woman-in-athletic-wear-uid-1.jpg&#8220; show_in_lightbox=&#8220;off&#8220; url_new_window=&#8220;off&#8220; animation=&#8220;left&#8220; sticky=&#8220;off&#8220; align=&#8220;left&#8220; force_fullwidth=&#8220;off&#8220; always_center_on_mobile=&#8220;on&#8220; use_border_color=&#8220;off&#8220; border_color=&#8220;#ffffff&#8220; border_style=&#8220;solid&#8220; \/][\/et_pb_column][\/et_pb_row][\/et_pb_section]\n","protected":false},"excerpt":{"rendered":"<p><div class=\"et_pb_row et_pb_row_0 et_pb_row_empty\">\n\t\t\t\t\n\t\t\t\t\n\t\t\t\t\n\t\t\t\t\n\t\t\t\t\n\t\t\t<\/div>Reisen und Sport<div class=\"et_pb_row et_pb_row_1 et_pb_row_empty\">\n\t\t\t\t\n\t\t\t\t\n\t\t\t\t\n\t\t\t\t\n\t\t\t\t\n\t\t\t<\/div>Reisemedizin (CRM) In ferne L\u00e4nder zu reisen war noch nie so leicht und bezahlbar wie heute. Eine Reise ist schnell gebucht, doch f\u00fcr den Gesundheitsschutz sollte immer noch Zeit sein. Wir beraten Sie, welche Impfungen f\u00fcr Ihr Reiseziel ratsam sind und sprechen mit Ihnen \u00fcber das richtige Verhalten am Reiseziel. Damit sie bei [&hellip;]<\/p>\n","protected":false},"author":2,"featured_media":0,"parent":0,"menu_order":0,"comment_status":"open","ping_status":"closed","template":"","meta":{"_et_pb_use_builder":"on","_et_pb_old_content":"Subkategorien","_et_gb_content_width":"","footnotes":""},"class_list":["post-60","page","type-page","status-publish","hentry"],"yoast_head":"<!-- This site is optimized with the Yoast SEO plugin v25.9 - https:\/\/yoast.com\/wordpress\/plugins\/seo\/ -->\n<title>Reisen und Sport - Hausarztpraxis Oberemmel<\/title>\n<meta name=\"robots\" content=\"index, follow, max-snippet:-1, max-image-preview:large, max-video-preview:-1\" \/>\n<link rel=\"canonical\" href=\"https:\/\/hausarztpraxis-bauschert.de\/cms\/?page_id=60\" \/>\n<meta property=\"og:locale\" content=\"de_DE\" \/>\n<meta property=\"og:type\" content=\"article\" \/>\n<meta property=\"og:title\" content=\"Reisen und Sport - Hausarztpraxis Oberemmel\" \/>\n<meta property=\"og:description\" content=\"Reisen und SportReisemedizin (CRM) In ferne L\u00e4nder zu reisen war noch nie so leicht und bezahlbar wie heute. Eine Reise ist schnell gebucht, doch f\u00fcr den Gesundheitsschutz sollte immer noch Zeit sein. Wir beraten Sie, welche Impfungen f\u00fcr Ihr Reiseziel ratsam sind und sprechen mit Ihnen \u00fcber das richtige Verhalten am Reiseziel. Damit sie bei [&hellip;]\" \/>\n<meta property=\"og:url\" content=\"https:\/\/hausarztpraxis-bauschert.de\/cms\/?page_id=60\" \/>\n<meta property=\"og:site_name\" content=\"Hausarztpraxis Oberemmel\" \/>\n<meta property=\"article:modified_time\" content=\"2015-06-23T14:28:47+00:00\" \/>\n<meta name=\"twitter:card\" content=\"summary_large_image\" \/>\n<meta name=\"twitter:label1\" content=\"Gesch\u00e4tzte Lesezeit\" \/>\n\t<meta name=\"twitter:data1\" content=\"2\u00a0Minuten\" \/>\n<script type=\"application\/ld+json\" class=\"yoast-schema-graph\">{\"@context\":\"https:\/\/schema.org\",\"@graph\":[{\"@type\":\"WebPage\",\"@id\":\"https:\/\/hausarztpraxis-bauschert.de\/cms\/?page_id=60\",\"url\":\"https:\/\/hausarztpraxis-bauschert.de\/cms\/?page_id=60\",\"name\":\"Reisen und Sport - Hausarztpraxis Oberemmel\",\"isPartOf\":{\"@id\":\"https:\/\/hausarztpraxis-bauschert.de\/cms\/#website\"},\"datePublished\":\"2012-08-29T13:29:53+00:00\",\"dateModified\":\"2015-06-23T14:28:47+00:00\",\"breadcrumb\":{\"@id\":\"https:\/\/hausarztpraxis-bauschert.de\/cms\/?page_id=60#breadcrumb\"},\"inLanguage\":\"de\",\"potentialAction\":[{\"@type\":\"ReadAction\",\"target\":[\"https:\/\/hausarztpraxis-bauschert.de\/cms\/?page_id=60\"]}]},{\"@type\":\"BreadcrumbList\",\"@id\":\"https:\/\/hausarztpraxis-bauschert.de\/cms\/?page_id=60#breadcrumb\",\"itemListElement\":[{\"@type\":\"ListItem\",\"position\":1,\"name\":\"Home\",\"item\":\"https:\/\/hausarztpraxis-bauschert.de\/cms\/\"},{\"@type\":\"ListItem\",\"position\":2,\"name\":\"Reisen und Sport\"}]},{\"@type\":\"WebSite\",\"@id\":\"https:\/\/hausarztpraxis-bauschert.de\/cms\/#website\",\"url\":\"https:\/\/hausarztpraxis-bauschert.de\/cms\/\",\"name\":\"Hausarztpraxis Oberemmel\",\"description\":\"\",\"potentialAction\":[{\"@type\":\"SearchAction\",\"target\":{\"@type\":\"EntryPoint\",\"urlTemplate\":\"https:\/\/hausarztpraxis-bauschert.de\/cms\/?s={search_term_string}\"},\"query-input\":{\"@type\":\"PropertyValueSpecification\",\"valueRequired\":true,\"valueName\":\"search_term_string\"}}],\"inLanguage\":\"de\"}]}<\/script>\n<!-- \/ Yoast SEO plugin. -->","yoast_head_json":{"title":"Reisen und Sport - Hausarztpraxis Oberemmel","robots":{"index":"index","follow":"follow","max-snippet":"max-snippet:-1","max-image-preview":"max-image-preview:large","max-video-preview":"max-video-preview:-1"},"canonical":"https:\/\/hausarztpraxis-bauschert.de\/cms\/?page_id=60","og_locale":"de_DE","og_type":"article","og_title":"Reisen und Sport - Hausarztpraxis Oberemmel","og_description":"Reisen und SportReisemedizin (CRM) In ferne L\u00e4nder zu reisen war noch nie so leicht und bezahlbar wie heute. Eine Reise ist schnell gebucht, doch f\u00fcr den Gesundheitsschutz sollte immer noch Zeit sein. Wir beraten Sie, welche Impfungen f\u00fcr Ihr Reiseziel ratsam sind und sprechen mit Ihnen \u00fcber das richtige Verhalten am Reiseziel. Damit sie bei [&hellip;]","og_url":"https:\/\/hausarztpraxis-bauschert.de\/cms\/?page_id=60","og_site_name":"Hausarztpraxis Oberemmel","article_modified_time":"2015-06-23T14:28:47+00:00","twitter_card":"summary_large_image","twitter_misc":{"Gesch\u00e4tzte Lesezeit":"2\u00a0Minuten"},"schema":{"@context":"https:\/\/schema.org","@graph":[{"@type":"WebPage","@id":"https:\/\/hausarztpraxis-bauschert.de\/cms\/?page_id=60","url":"https:\/\/hausarztpraxis-bauschert.de\/cms\/?page_id=60","name":"Reisen und Sport - Hausarztpraxis Oberemmel","isPartOf":{"@id":"https:\/\/hausarztpraxis-bauschert.de\/cms\/#website"},"datePublished":"2012-08-29T13:29:53+00:00","dateModified":"2015-06-23T14:28:47+00:00","breadcrumb":{"@id":"https:\/\/hausarztpraxis-bauschert.de\/cms\/?page_id=60#breadcrumb"},"inLanguage":"de","potentialAction":[{"@type":"ReadAction","target":["https:\/\/hausarztpraxis-bauschert.de\/cms\/?page_id=60"]}]},{"@type":"BreadcrumbList","@id":"https:\/\/hausarztpraxis-bauschert.de\/cms\/?page_id=60#breadcrumb","itemListElement":[{"@type":"ListItem","position":1,"name":"Home","item":"https:\/\/hausarztpraxis-bauschert.de\/cms\/"},{"@type":"ListItem","position":2,"name":"Reisen und Sport"}]},{"@type":"WebSite","@id":"https:\/\/hausarztpraxis-bauschert.de\/cms\/#website","url":"https:\/\/hausarztpraxis-bauschert.de\/cms\/","name":"Hausarztpraxis Oberemmel","description":"","potentialAction":[{"@type":"SearchAction","target":{"@type":"EntryPoint","urlTemplate":"https:\/\/hausarztpraxis-bauschert.de\/cms\/?s={search_term_string}"},"query-input":{"@type":"PropertyValueSpecification","valueRequired":true,"valueName":"search_term_string"}}],"inLanguage":"de"}]}},"_links":{"self":[{"href":"https:\/\/hausarztpraxis-bauschert.de\/cms\/index.php?rest_route=\/wp\/v2\/pages\/60","targetHints":{"allow":["GET"]}}],"collection":[{"href":"https:\/\/hausarztpraxis-bauschert.de\/cms\/index.php?rest_route=\/wp\/v2\/pages"}],"about":[{"href":"https:\/\/hausarztpraxis-bauschert.de\/cms\/index.php?rest_route=\/wp\/v2\/types\/page"}],"author":[{"embeddable":true,"href":"https:\/\/hausarztpraxis-bauschert.de\/cms\/index.php?rest_route=\/wp\/v2\/users\/2"}],"replies":[{"embeddable":true,"href":"https:\/\/hausarztpraxis-bauschert.de\/cms\/index.php?rest_route=%2Fwp%2Fv2%2Fcomments&post=60"}],"version-history":[{"count":10,"href":"https:\/\/hausarztpraxis-bauschert.de\/cms\/index.php?rest_route=\/wp\/v2\/pages\/60\/revisions"}],"predecessor-version":[{"id":377,"href":"https:\/\/hausarztpraxis-bauschert.de\/cms\/index.php?rest_route=\/wp\/v2\/pages\/60\/revisions\/377"}],"wp:attachment":[{"href":"https:\/\/hausarztpraxis-bauschert.de\/cms\/index.php?rest_route=%2Fwp%2Fv2%2Fmedia&parent=60"}],"curies":[{"name":"wp","href":"https:\/\/api.w.org\/{rel}","templated":true}]}}