{"id":8,"date":"2012-05-30T15:27:24","date_gmt":"2012-05-30T15:27:24","guid":{"rendered":"http:\/\/bauschert.systemmedien.de\/?page_id=8"},"modified":"2023-07-05T15:27:58","modified_gmt":"2023-07-05T13:27:58","slug":"1-leistung","status":"publish","type":"page","link":"https:\/\/hausarztpraxis-bauschert.de\/cms\/?page_id=8","title":{"rendered":"Leistungen im \u00dcberblick"},"content":{"rendered":"[et_pb_section fb_built=&#8220;1&#8243; fullwidth=&#8220;on&#8220; _builder_version=&#8220;4.16&#8243; global_colors_info=&#8220;{}&#8220;][et_pb_fullwidth_slider admin_label=&#8220;Fullwidth Slider&#8220; _builder_version=&#8220;4.16&#8243; custom_padding=&#8220;|||&#8220; custom_padding_tablet=&#8220;|||&#8220; custom_padding_phone=&#8220;|||&#8220; box_shadow_style=&#8220;preset6&#8243; box_shadow_blur=&#8220;10px&#8220; box_shadow_color=&#8220;rgba(0,0,0,0.1)&#8220; show_inner_shadow=&#8220;on&#8220; global_colors_info=&#8220;{}&#8220; button_text_size__hover_enabled=&#8220;off&#8220; button_one_text_size__hover_enabled=&#8220;off&#8220; button_two_text_size__hover_enabled=&#8220;off&#8220; button_text_color__hover_enabled=&#8220;off&#8220; button_one_text_color__hover_enabled=&#8220;off&#8220; button_two_text_color__hover_enabled=&#8220;off&#8220; button_border_width__hover_enabled=&#8220;off&#8220; button_one_border_width__hover_enabled=&#8220;off&#8220; button_two_border_width__hover_enabled=&#8220;off&#8220; button_border_color__hover_enabled=&#8220;off&#8220; button_one_border_color__hover_enabled=&#8220;off&#8220; button_two_border_color__hover_enabled=&#8220;off&#8220; button_border_radius__hover_enabled=&#8220;off&#8220; button_one_border_radius__hover_enabled=&#8220;off&#8220; button_two_border_radius__hover_enabled=&#8220;off&#8220; button_letter_spacing__hover_enabled=&#8220;off&#8220; button_one_letter_spacing__hover_enabled=&#8220;off&#8220; button_two_letter_spacing__hover_enabled=&#8220;off&#8220; button_bg_color__hover_enabled=&#8220;off&#8220; button_one_bg_color__hover_enabled=&#8220;off&#8220; button_two_bg_color__hover_enabled=&#8220;off&#8220;][et_pb_slide _builder_version=&#8220;4.16&#8243; background_color=&#8220;#ffffff&#8220; background_image=&#8220;https:\/\/hausarztpraxis-bauschert.de\/cms\/wp-content\/uploads\/2012\/05\/uebersicht.jpg&#8220; global_colors_info=&#8220;{}&#8220; sticky_transition=&#8220;on&#8220; button_text_size__hover_enabled=&#8220;off&#8220; button_one_text_size__hover_enabled=&#8220;off&#8220; button_two_text_size__hover_enabled=&#8220;off&#8220; button_text_color__hover_enabled=&#8220;off&#8220; button_one_text_color__hover_enabled=&#8220;off&#8220; button_two_text_color__hover_enabled=&#8220;off&#8220; button_border_width__hover_enabled=&#8220;off&#8220; button_one_border_width__hover_enabled=&#8220;off&#8220; button_two_border_width__hover_enabled=&#8220;off&#8220; button_border_color__hover_enabled=&#8220;off&#8220; button_one_border_color__hover_enabled=&#8220;off&#8220; button_two_border_color__hover_enabled=&#8220;off&#8220; button_border_radius__hover_enabled=&#8220;off&#8220; button_one_border_radius__hover_enabled=&#8220;off&#8220; button_two_border_radius__hover_enabled=&#8220;off&#8220; button_letter_spacing__hover_enabled=&#8220;off&#8220; button_one_letter_spacing__hover_enabled=&#8220;off&#8220; button_two_letter_spacing__hover_enabled=&#8220;off&#8220; button_bg_color__hover_enabled=&#8220;off&#8220; button_one_bg_color__hover_enabled=&#8220;off&#8220; button_two_bg_color__hover_enabled=&#8220;off&#8220;][\/et_pb_slide][\/et_pb_fullwidth_slider][\/et_pb_section][et_pb_section fb_built=&#8220;1&#8243; _builder_version=&#8220;4.16&#8243; global_colors_info=&#8220;{}&#8220;][et_pb_row _builder_version=&#8220;4.16&#8243; background_size=&#8220;initial&#8220; background_position=&#8220;top_left&#8220; background_repeat=&#8220;repeat&#8220; global_colors_info=&#8220;{}&#8220;][et_pb_column type=&#8220;4_4&#8243; _builder_version=&#8220;4.16&#8243; custom_padding=&#8220;|||&#8220; global_colors_info=&#8220;{}&#8220; custom_padding__hover=&#8220;|||&#8220;][et_pb_text admin_label=&#8220;Leistungen im \u00dcberblick&#8220; _builder_version=&#8220;4.16&#8243; background_size=&#8220;initial&#8220; background_position=&#8220;top_left&#8220; background_repeat=&#8220;repeat&#8220; use_border_color=&#8220;off&#8220; border_color=&#8220;#ffffff&#8220; border_style=&#8220;solid&#8220; global_colors_info=&#8220;{}&#8220;]\n<h1><strong>Leistungen im \u00dcberblick<\/strong><\/h1>\n[\/et_pb_text][\/et_pb_column][\/et_pb_row][\/et_pb_section][et_pb_section fb_built=&#8220;1&#8243; custom_padding_last_edited=&#8220;on|desktop&#8220; _builder_version=&#8220;4.16&#8243; background_color=&#8220;#004d91&#8243; custom_padding_tablet=&#8220;50px|0|50px|0&#8243; transparent_background=&#8220;off&#8220; padding_mobile=&#8220;off&#8220; make_fullwidth=&#8220;off&#8220; use_custom_width=&#8220;off&#8220; width_unit=&#8220;on&#8220; global_colors_info=&#8220;{}&#8220; custom_padding_phone=&#8220;50px|0|50px|0&#8243;][et_pb_row _builder_version=&#8220;4.16&#8243; background_size=&#8220;initial&#8220; background_position=&#8220;top_left&#8220; background_repeat=&#8220;repeat&#8220; global_colors_info=&#8220;{}&#8220; column_structure=&#8220;1_2,1_2&#8243;][et_pb_column type=&#8220;1_2&#8243; _builder_version=&#8220;4.16&#8243; custom_padding=&#8220;|||&#8220; global_colors_info=&#8220;{}&#8220; custom_padding__hover=&#8220;|||&#8220;][et_pb_text admin_label=&#8220;Text&#8220; _builder_version=&#8220;4.16&#8243; background_size=&#8220;initial&#8220; background_position=&#8220;top_left&#8220; background_repeat=&#8220;repeat&#8220; background_layout=&#8220;dark&#8220; use_border_color=&#8220;off&#8220; border_color=&#8220;#ffffff&#8220; border_style=&#8220;solid&#8220; global_colors_info=&#8220;{}&#8220;]\n<p><strong>Hier finden Sie eine \u00dcbersicht unserer Leistungen<\/strong><\/p>\n<p>&nbsp;<\/p>\n<ul>\n<li>haus\u00e4rztliche Versorgung<\/li>\n<li>Fr\u00fcherkennung von Gesundheitsst\u00f6rungen und fr\u00fchzeitige Behandlung<\/li>\n<li>Betreuung von Patienten in Altenheimen<\/li>\n<li>Geriatrie: individuell, auf das Alter abgestimmte\u00a0Medizin<\/li>\n<li>Hausbesuche<\/li>\n<li>Psychosomatische Grundversorgung<\/li>\n<li>Vorsorge: Check up 35 der Krankenkassen, auf Wunsch auch erweitert<\/li>\n<li>Hautkrebs Vorsorge<\/li>\n<li>J1 Untersuchung f\u00fcr Kinder von 12 bis 14 Jahren<\/li>\n<li>Jugendarbeitsschutzuntersuchung<\/li>\n<li>Impfungen \/ Reiseimpfungen<\/li>\n<li>Allergologie: Diagnostik und Therapie (Nahrungsmittel, Heuschnupfen&#8230;)<\/li>\n<li>kleine Chirurgie: Wundversorgung, Entfernung krankhafter Muttermale, Warzen<\/li>\n<li>Navigation durch das Gesundheitssystem<\/li>\n<\/ul>\n[\/et_pb_text][\/et_pb_column][et_pb_column type=&#8220;1_2&#8243; _builder_version=&#8220;4.16&#8243; custom_padding=&#8220;|||&#8220; global_colors_info=&#8220;{}&#8220; custom_padding__hover=&#8220;|||&#8220;][et_pb_image src=&#8220;https:\/\/hausarztpraxis-bauschert.de\/cms\/wp-content\/uploads\/2012\/05\/test.jpg&#8220; align_tablet=&#8220;center&#8220; align_last_edited=&#8220;on|desktop&#8220; admin_label=&#8220;Bild&#8220; _builder_version=&#8220;4.16&#8243; animation_style=&#8220;slide&#8220; animation_direction=&#8220;left&#8220; animation_duration=&#8220;500ms&#8220; animation_intensity_slide=&#8220;10%&#8220; use_border_color=&#8220;off&#8220; border_color=&#8220;#ffffff&#8220; border_style=&#8220;solid&#8220; animation=&#8220;left&#8220; sticky=&#8220;off&#8220; always_center_on_mobile=&#8220;on&#8220; global_colors_info=&#8220;{}&#8220; align_phone=&#8220;center&#8220;][\/et_pb_image][\/et_pb_column][\/et_pb_row][\/et_pb_section][et_pb_section fb_built=&#8220;1&#8243; _builder_version=&#8220;4.16&#8243; global_colors_info=&#8220;{}&#8220;][et_pb_row _builder_version=&#8220;4.16&#8243; background_size=&#8220;initial&#8220; background_position=&#8220;top_left&#8220; background_repeat=&#8220;repeat&#8220; global_colors_info=&#8220;{}&#8220;][\/et_pb_row][\/et_pb_section]\n","protected":false},"excerpt":{"rendered":"<p>Leistungen im \u00dcberblick Hier finden Sie eine \u00dcbersicht unserer Leistungen &nbsp; haus\u00e4rztliche Versorgung Fr\u00fcherkennung von Gesundheitsst\u00f6rungen und fr\u00fchzeitige Behandlung Betreuung von Patienten in Altenheimen Geriatrie: individuell, auf das Alter abgestimmte\u00a0Medizin Hausbesuche Psychosomatische Grundversorgung Vorsorge: Check up 35 der Krankenkassen, auf Wunsch auch erweitert Hautkrebs Vorsorge J1 Untersuchung f\u00fcr Kinder von 12 bis 14 Jahren Jugendarbeitsschutzuntersuchung [&hellip;]<\/p>\n","protected":false},"author":2,"featured_media":0,"parent":6,"menu_order":10,"comment_status":"open","ping_status":"closed","template":"","meta":{"_et_pb_use_builder":"on","_et_pb_old_content":"<p>Klares Vorwort zum Thema IGEL<\/p><ul><li>haus\u00e4rztliche Versorgung<\/li><li>Navigation durch das Gesundheitssystem<\/li><li>Beratung<\/li><li>Hausbesuche<\/li><li>Betreuung von Patienten in Altenheimen<\/li><li>Allergoligische Diagnostik von Allergien und deren Behandlung (Nahrungsmittel, Heuschnupfen...)<\/li><li>Vorsorge: Check up der Krankenkassen, auf Wunsch auch erweitert<\/li><li>Geriatrie: individuell, auf das Alter abgestimmte Versorgung<\/li><li>Jugendschutzuntersuchung<\/li><li>kleine Chirurgie: Wundversorgung, Entfernung von Muttermalen, Warzen<\/li><li>Hautkrebs Vorsorge<\/li><li>Fr\u00fcherkennung von Gesundheitsst\u00f6rungen und fr\u00fchzeitige Behandlung<\/li><\/ul><p>\u00a0<\/p>","_et_gb_content_width":"","footnotes":""},"class_list":["post-8","page","type-page","status-publish","hentry"],"yoast_head":"<!-- This site is optimized with the Yoast SEO plugin v25.9 - https:\/\/yoast.com\/wordpress\/plugins\/seo\/ -->\n<title>Leistungen im \u00dcberblick - Hausarztpraxis Oberemmel<\/title>\n<meta name=\"robots\" content=\"index, follow, max-snippet:-1, max-image-preview:large, max-video-preview:-1\" \/>\n<link rel=\"canonical\" href=\"https:\/\/hausarztpraxis-bauschert.de\/cms\/?page_id=8\" \/>\n<meta property=\"og:locale\" content=\"de_DE\" \/>\n<meta property=\"og:type\" content=\"article\" \/>\n<meta property=\"og:title\" content=\"Leistungen im \u00dcberblick - Hausarztpraxis Oberemmel\" \/>\n<meta property=\"og:description\" content=\"Leistungen im \u00dcberblick Hier finden Sie eine \u00dcbersicht unserer Leistungen &nbsp; haus\u00e4rztliche Versorgung Fr\u00fcherkennung von Gesundheitsst\u00f6rungen und fr\u00fchzeitige Behandlung Betreuung von Patienten in Altenheimen Geriatrie: individuell, auf das Alter abgestimmte\u00a0Medizin Hausbesuche Psychosomatische Grundversorgung Vorsorge: Check up 35 der Krankenkassen, auf Wunsch auch erweitert Hautkrebs Vorsorge J1 Untersuchung f\u00fcr Kinder von 12 bis 14 Jahren Jugendarbeitsschutzuntersuchung [&hellip;]\" \/>\n<meta property=\"og:url\" content=\"https:\/\/hausarztpraxis-bauschert.de\/cms\/?page_id=8\" \/>\n<meta property=\"og:site_name\" content=\"Hausarztpraxis Oberemmel\" \/>\n<meta property=\"article:modified_time\" content=\"2023-07-05T13:27:58+00:00\" \/>\n<meta name=\"twitter:card\" content=\"summary_large_image\" \/>\n<meta name=\"twitter:label1\" content=\"Gesch\u00e4tzte Lesezeit\" \/>\n\t<meta name=\"twitter:data1\" content=\"4\u00a0Minuten\" \/>\n<script type=\"application\/ld+json\" class=\"yoast-schema-graph\">{\"@context\":\"https:\/\/schema.org\",\"@graph\":[{\"@type\":\"WebPage\",\"@id\":\"https:\/\/hausarztpraxis-bauschert.de\/cms\/?page_id=8\",\"url\":\"https:\/\/hausarztpraxis-bauschert.de\/cms\/?page_id=8\",\"name\":\"Leistungen im \u00dcberblick - Hausarztpraxis Oberemmel\",\"isPartOf\":{\"@id\":\"https:\/\/hausarztpraxis-bauschert.de\/cms\/#website\"},\"datePublished\":\"2012-05-30T15:27:24+00:00\",\"dateModified\":\"2023-07-05T13:27:58+00:00\",\"breadcrumb\":{\"@id\":\"https:\/\/hausarztpraxis-bauschert.de\/cms\/?page_id=8#breadcrumb\"},\"inLanguage\":\"de\",\"potentialAction\":[{\"@type\":\"ReadAction\",\"target\":[\"https:\/\/hausarztpraxis-bauschert.de\/cms\/?page_id=8\"]}]},{\"@type\":\"BreadcrumbList\",\"@id\":\"https:\/\/hausarztpraxis-bauschert.de\/cms\/?page_id=8#breadcrumb\",\"itemListElement\":[{\"@type\":\"ListItem\",\"position\":1,\"name\":\"Home\",\"item\":\"https:\/\/hausarztpraxis-bauschert.de\/cms\/\"},{\"@type\":\"ListItem\",\"position\":2,\"name\":\"Leistungen\",\"item\":\"https:\/\/hausarztpraxis-bauschert.de\/cms\/?page_id=6\"},{\"@type\":\"ListItem\",\"position\":3,\"name\":\"Leistungen im \u00dcberblick\"}]},{\"@type\":\"WebSite\",\"@id\":\"https:\/\/hausarztpraxis-bauschert.de\/cms\/#website\",\"url\":\"https:\/\/hausarztpraxis-bauschert.de\/cms\/\",\"name\":\"Hausarztpraxis Oberemmel\",\"description\":\"\",\"potentialAction\":[{\"@type\":\"SearchAction\",\"target\":{\"@type\":\"EntryPoint\",\"urlTemplate\":\"https:\/\/hausarztpraxis-bauschert.de\/cms\/?s={search_term_string}\"},\"query-input\":{\"@type\":\"PropertyValueSpecification\",\"valueRequired\":true,\"valueName\":\"search_term_string\"}}],\"inLanguage\":\"de\"}]}<\/script>\n<!-- \/ Yoast SEO plugin. -->","yoast_head_json":{"title":"Leistungen im \u00dcberblick - Hausarztpraxis Oberemmel","robots":{"index":"index","follow":"follow","max-snippet":"max-snippet:-1","max-image-preview":"max-image-preview:large","max-video-preview":"max-video-preview:-1"},"canonical":"https:\/\/hausarztpraxis-bauschert.de\/cms\/?page_id=8","og_locale":"de_DE","og_type":"article","og_title":"Leistungen im \u00dcberblick - Hausarztpraxis Oberemmel","og_description":"Leistungen im \u00dcberblick Hier finden Sie eine \u00dcbersicht unserer Leistungen &nbsp; haus\u00e4rztliche Versorgung Fr\u00fcherkennung von Gesundheitsst\u00f6rungen und fr\u00fchzeitige Behandlung Betreuung von Patienten in Altenheimen Geriatrie: individuell, auf das Alter abgestimmte\u00a0Medizin Hausbesuche Psychosomatische Grundversorgung Vorsorge: Check up 35 der Krankenkassen, auf Wunsch auch erweitert Hautkrebs Vorsorge J1 Untersuchung f\u00fcr Kinder von 12 bis 14 Jahren Jugendarbeitsschutzuntersuchung [&hellip;]","og_url":"https:\/\/hausarztpraxis-bauschert.de\/cms\/?page_id=8","og_site_name":"Hausarztpraxis Oberemmel","article_modified_time":"2023-07-05T13:27:58+00:00","twitter_card":"summary_large_image","twitter_misc":{"Gesch\u00e4tzte Lesezeit":"4\u00a0Minuten"},"schema":{"@context":"https:\/\/schema.org","@graph":[{"@type":"WebPage","@id":"https:\/\/hausarztpraxis-bauschert.de\/cms\/?page_id=8","url":"https:\/\/hausarztpraxis-bauschert.de\/cms\/?page_id=8","name":"Leistungen im \u00dcberblick - Hausarztpraxis Oberemmel","isPartOf":{"@id":"https:\/\/hausarztpraxis-bauschert.de\/cms\/#website"},"datePublished":"2012-05-30T15:27:24+00:00","dateModified":"2023-07-05T13:27:58+00:00","breadcrumb":{"@id":"https:\/\/hausarztpraxis-bauschert.de\/cms\/?page_id=8#breadcrumb"},"inLanguage":"de","potentialAction":[{"@type":"ReadAction","target":["https:\/\/hausarztpraxis-bauschert.de\/cms\/?page_id=8"]}]},{"@type":"BreadcrumbList","@id":"https:\/\/hausarztpraxis-bauschert.de\/cms\/?page_id=8#breadcrumb","itemListElement":[{"@type":"ListItem","position":1,"name":"Home","item":"https:\/\/hausarztpraxis-bauschert.de\/cms\/"},{"@type":"ListItem","position":2,"name":"Leistungen","item":"https:\/\/hausarztpraxis-bauschert.de\/cms\/?page_id=6"},{"@type":"ListItem","position":3,"name":"Leistungen im \u00dcberblick"}]},{"@type":"WebSite","@id":"https:\/\/hausarztpraxis-bauschert.de\/cms\/#website","url":"https:\/\/hausarztpraxis-bauschert.de\/cms\/","name":"Hausarztpraxis Oberemmel","description":"","potentialAction":[{"@type":"SearchAction","target":{"@type":"EntryPoint","urlTemplate":"https:\/\/hausarztpraxis-bauschert.de\/cms\/?s={search_term_string}"},"query-input":{"@type":"PropertyValueSpecification","valueRequired":true,"valueName":"search_term_string"}}],"inLanguage":"de"}]}},"_links":{"self":[{"href":"https:\/\/hausarztpraxis-bauschert.de\/cms\/index.php?rest_route=\/wp\/v2\/pages\/8","targetHints":{"allow":["GET"]}}],"collection":[{"href":"https:\/\/hausarztpraxis-bauschert.de\/cms\/index.php?rest_route=\/wp\/v2\/pages"}],"about":[{"href":"https:\/\/hausarztpraxis-bauschert.de\/cms\/index.php?rest_route=\/wp\/v2\/types\/page"}],"author":[{"embeddable":true,"href":"https:\/\/hausarztpraxis-bauschert.de\/cms\/index.php?rest_route=\/wp\/v2\/users\/2"}],"replies":[{"embeddable":true,"href":"https:\/\/hausarztpraxis-bauschert.de\/cms\/index.php?rest_route=%2Fwp%2Fv2%2Fcomments&post=8"}],"version-history":[{"count":10,"href":"https:\/\/hausarztpraxis-bauschert.de\/cms\/index.php?rest_route=\/wp\/v2\/pages\/8\/revisions"}],"predecessor-version":[{"id":817,"href":"https:\/\/hausarztpraxis-bauschert.de\/cms\/index.php?rest_route=\/wp\/v2\/pages\/8\/revisions\/817"}],"up":[{"embeddable":true,"href":"https:\/\/hausarztpraxis-bauschert.de\/cms\/index.php?rest_route=\/wp\/v2\/pages\/6"}],"wp:attachment":[{"href":"https:\/\/hausarztpraxis-bauschert.de\/cms\/index.php?rest_route=%2Fwp%2Fv2%2Fmedia&parent=8"}],"curies":[{"name":"wp","href":"https:\/\/api.w.org\/{rel}","templated":true}]}}